{"id":70094,"date":"2022-08-16T13:35:25","date_gmt":"2022-08-16T17:35:25","guid":{"rendered":"https:\/\/www.journeesdelaculture.qc.ca\/?page_id=70094"},"modified":"2022-08-16T13:35:27","modified_gmt":"2022-08-16T17:35:27","slug":"ambassadors","status":"publish","type":"page","link":"https:\/\/www.journeesdelaculture.qc.ca\/en\/ambassadors","title":{"rendered":"Ambassadors"},"content":{"rendered":"\n<h2 class=\"wp-block-heading\">Cynthia Wu-Maheux and Fr\u00e9d\u00e9ric Pierre, proud ambassadors of Journ\u00e9es de la culture!&nbsp;<\/h2>\n\n\n\n<p>Actors <strong>Cynthia Wu-Maheux<\/strong> and <strong>Fr\u00e9d\u00e9ric Pierre<\/strong> lend their voices to the 26th Journ\u00e9es de la culture and invite the entire population to celebrate the richness and diversity of Quebec&#8217;s culture!&nbsp;<\/p>\n\n\n\n<hr class=\"wp-block-separator\"\/>\n\n\n\n<h3 class=\"wp-block-heading\">Cynthia Wu-Maheux<\/h3>\n\n\n\n<figure class=\"wp-block-image size-medium\"><img decoding=\"async\" src=\"https:\/\/www.journeesdelaculture.qc.ca\/wp-content\/uploads\/2022\/08\/cynthia-wu-maheux-louise-lemay-38131-1-250x375.jpeg\" alt=\"\" class=\"wp-image-70095\"\/><figcaption><strong><em>Photo : Louise Lemay&nbsp;<\/em><\/strong><\/figcaption><\/figure>\n\n\n\n<blockquote class=\"wp-block-quote is-layout-flow wp-block-quote-is-layout-flow\"><p>&#8220;Culture and art are quick paths to the heart and highlight what unites us. That&#8217;s why I was so happy to accept to be an ambassador for the Journ\u00e9es de la culture.&#8221;<\/p><cite>&#8211; Cynthia Wu-Maheux<\/cite><\/blockquote>\n\n\n\n<p>Since graduating from the Conservatoire d&#8217;art dramatique de Montr\u00e9al in 2007, Cynthia Wu-Maheux has played a number of roles in a variety of TV shows and series, including <em>Trauma, Tactik, M\u00e9moires vives, Plan B <\/em>and <em>Virage,<\/em> not to mention the ever-popular <em>District 31.<\/em> In addition to a sincere affection from the public, her role as Da-Xia Bernard has earned her two Prix G\u00e9meaux nominations &#8211; in 2018 and 2020 &#8211; as Best Female Supporting Role: Annual Drama Series category.&nbsp;<\/p>\n\n\n\n<p>Cynthia has also performed in several Montreal theaters. She has been seen in<em> L&#8217;Avare, La princesse Turandot, Medea<\/em> and several other plays. In 2019, she was in <em>Consentement<\/em> at Th\u00e9\u00e2tre Jean-Duceppe; in 2021, she was on stage at the TNM in <em>Le r\u00eaveur dans son bain.&nbsp;<\/em><\/p>\n\n\n\n<p>In movies, she played Jade Boss\u00e9 in <em>L&#8217;Empire Bo$$\u00e9, <\/em>directed by Claude Desrosiers. In 2017, her role as Julie in Dominic Goyer&#8217;s <em>L&#8217;Origine des esp\u00e8ces<\/em> earned her a nomination for Best Supporting Actress at the Gala Qu\u00e9bec Cin\u00e9ma.&nbsp;<\/p>\n\n\n\n<hr class=\"wp-block-separator\"\/>\n\n\n\n<h3 class=\"wp-block-heading\">Fr\u00e9d\u00e9ric Pierre<\/h3>\n\n\n\n<figure class=\"wp-block-image size-medium\"><img decoding=\"async\" src=\"https:\/\/www.journeesdelaculture.qc.ca\/wp-content\/uploads\/2022\/08\/Frederic-Pierre-2-photo-Andreanne-Gauthier-1-1-250x355.jpg\" alt=\"\" class=\"wp-image-70097\"\/><figcaption><em><strong>Photo: Andr\u00e9anne Gauthier&nbsp;<\/strong><\/em><\/figcaption><\/figure>\n\n\n\n<blockquote class=\"wp-block-quote is-layout-flow wp-block-quote-is-layout-flow\"><p>&#8220;Quebec culture is rich, strong. Deeply rooted in difference, it has always embodied the presence of Francophones in America. For a long time, Quebecers have been<em> the other, <\/em>and this state of affairs has fueled an ardent desire on the part of artists to express loud and clear who they are. This is exactly what we are experiencing today through the changes that are reshaping the cultural landscape of Quebec. An ardent desire from <em>the other<\/em> to be validated as a whole. We are the other. I am honored to be a spokesperson for the Journ\u00e9es de la culture, and I wish with all my heart that we continue to validate each other.&#8221;<\/p><cite>&#8211; Frederic Pierre<\/cite><\/blockquote>\n\n\n\n<p>Through his many roles on television, Fr\u00e9d\u00e9ric Pierre has quickly carved out a place in the hearts of Quebecers. He was seen in<em> Le gentleman, Tactik, Destin\u00e9es, Virginie, Annie et ses hommes<\/em> and <em>Cover Girl, <\/em>which earned him a nomination for Best Comedy Actor at the Prix G\u00e9meaux Awards. He has also been in the cast of popular series like <em>Music-Hall, Histoires de filles<\/em> and <em>M\u00e9moires vives.<\/em> In 2019, he landed a lead role in the serie <em>Amber Alert.<\/em> His character returned in the serie <em>Alerts <\/em>two years later. He is also in the cast of Ricardo Trogi&#8217;s<em> La Maison-Bleue.&nbsp;<\/em><\/p>\n\n\n\n<p>Fr\u00e9d\u00e9ric has played in several feature films. Among them: <em>Pich\u00e9: entre ciel et terre<\/em> by Sylvain Archambault, <em>Le banquet<\/em> by S\u00e9bastien Rose, <em>La peau blanche <\/em>by Daniel Roby, <em>Pudding ch\u00f4meur<\/em> by Gilles Carles\u2026 And in theaters, he visited the four corners of Quebec with the production <em>Ladies night. <\/em>Fr\u00e9d\u00e9ric also tread the boards of the Jean Duceppe Theatre in <em>C&#8217;est ma vie <\/em>and in <em>Race,<\/em> in addition to playing in <em>Lady Lester<\/em> at the Th\u00e9\u00e2tre de la Ligue nationale d&#8217;improvisation (LNI). In 2019, at Duceppe, he stands out in the play <em>H\u00e9ritage.&nbsp;&nbsp;<\/em><\/p>\n\n\n\n<p>In 2018, he joined the team of collaborators of the radio show <em>V\u00e9ronique et les Fantastiques.&nbsp;<\/em><\/p>\n","protected":false},"excerpt":{"rendered":"Cynthia Wu-Maheux and Fr\u00e9d\u00e9ric Pierre, proud ambassadors of Journ\u00e9es de la culture!&nbsp; Actors Cynthia Wu-Maheux and Fr\u00e9d\u00e9ric Pierre lend their voices to the 26th Journ\u00e9es de la culture and invite the entire population to celebrate the richness and diversity of Quebec&#8217;s culture!&nbsp; Cynthia Wu-Maheux &#8220;Culture and art are quick paths to the heart and highlight&#8230;","protected":false},"author":7,"featured_media":0,"parent":0,"menu_order":0,"comment_status":"closed","ping_status":"closed","template":"","meta":{"_acf_changed":false,"footnotes":""},"class_list":["post-70094","page","type-page","status-publish","hentry"],"acf":[],"yoast_head":"<!-- This site is optimized with the Yoast SEO plugin v24.2 - https:\/\/yoast.com\/wordpress\/plugins\/seo\/ -->\n<title>Ambassadors - Journ\u00e9es de la culture<\/title>\n<meta name=\"robots\" content=\"index, follow, max-snippet:-1, max-image-preview:large, max-video-preview:-1\" \/>\n<link rel=\"canonical\" href=\"https:\/\/www.journeesdelaculture.qc.ca\/en\/ambassadors\" \/>\n<meta property=\"og:locale\" content=\"en_US\" \/>\n<meta property=\"og:type\" content=\"article\" \/>\n<meta property=\"og:title\" content=\"Ambassadors - Journ\u00e9es de la culture\" \/>\n<meta property=\"og:description\" content=\"Cynthia Wu-Maheux and Fr\u00e9d\u00e9ric Pierre, proud ambassadors of Journ\u00e9es de la culture!&nbsp; Actors Cynthia Wu-Maheux and Fr\u00e9d\u00e9ric Pierre lend their voices to the 26th Journ\u00e9es de la culture and invite the entire population to celebrate the richness and diversity of Quebec&#8217;s culture!&nbsp; Cynthia Wu-Maheux &#8220;Culture and art are quick paths to the heart and highlight...\" \/>\n<meta property=\"og:url\" content=\"https:\/\/www.journeesdelaculture.qc.ca\/en\/ambassadors\" \/>\n<meta property=\"og:site_name\" content=\"Journ\u00e9es de la culture\" \/>\n<meta property=\"article:publisher\" content=\"https:\/\/www.facebook.com\/journeesdelaculture\/\" \/>\n<meta property=\"article:modified_time\" content=\"2022-08-16T17:35:27+00:00\" \/>\n<meta property=\"og:image\" content=\"https:\/\/www.journeesdelaculture.qc.ca\/wp-content\/uploads\/2022\/08\/cynthia-wu-maheux-louise-lemay-38131-1-250x375.jpeg\" \/>\n<meta name=\"twitter:card\" content=\"summary_large_image\" \/>\n<meta name=\"twitter:site\" content=\"@les_journees\" \/>\n<meta name=\"twitter:label1\" content=\"Est. reading time\" \/>\n\t<meta name=\"twitter:data1\" content=\"4 minutes\" \/>\n<script type=\"application\/ld+json\" class=\"yoast-schema-graph\">{\"@context\":\"https:\/\/schema.org\",\"@graph\":[{\"@type\":\"WebPage\",\"@id\":\"https:\/\/www.journeesdelaculture.qc.ca\/en\/ambassadors\",\"url\":\"https:\/\/www.journeesdelaculture.qc.ca\/en\/ambassadors\",\"name\":\"Ambassadors - Journ\u00e9es de la culture\",\"isPartOf\":{\"@id\":\"https:\/\/www.journeesdelaculture.qc.ca\/#website\"},\"primaryImageOfPage\":{\"@id\":\"https:\/\/www.journeesdelaculture.qc.ca\/en\/ambassadors#primaryimage\"},\"image\":{\"@id\":\"https:\/\/www.journeesdelaculture.qc.ca\/en\/ambassadors#primaryimage\"},\"thumbnailUrl\":\"https:\/\/www.journeesdelaculture.qc.ca\/wp-content\/uploads\/2022\/08\/cynthia-wu-maheux-louise-lemay-38131-1-250x375.jpeg\",\"datePublished\":\"2022-08-16T17:35:25+00:00\",\"dateModified\":\"2022-08-16T17:35:27+00:00\",\"breadcrumb\":{\"@id\":\"https:\/\/www.journeesdelaculture.qc.ca\/en\/ambassadors#breadcrumb\"},\"inLanguage\":\"en-US\",\"potentialAction\":[{\"@type\":\"ReadAction\",\"target\":[\"https:\/\/www.journeesdelaculture.qc.ca\/en\/ambassadors\"]}]},{\"@type\":\"ImageObject\",\"inLanguage\":\"en-US\",\"@id\":\"https:\/\/www.journeesdelaculture.qc.ca\/en\/ambassadors#primaryimage\",\"url\":\"https:\/\/www.journeesdelaculture.qc.ca\/wp-content\/uploads\/2022\/08\/cynthia-wu-maheux-louise-lemay-38131-1-250x375.jpeg\",\"contentUrl\":\"https:\/\/www.journeesdelaculture.qc.ca\/wp-content\/uploads\/2022\/08\/cynthia-wu-maheux-louise-lemay-38131-1-250x375.jpeg\"},{\"@type\":\"BreadcrumbList\",\"@id\":\"https:\/\/www.journeesdelaculture.qc.ca\/en\/ambassadors#breadcrumb\",\"itemListElement\":[{\"@type\":\"ListItem\",\"position\":1,\"name\":\"Home\",\"item\":\"https:\/\/www.journeesdelaculture.qc.ca\/en\"},{\"@type\":\"ListItem\",\"position\":2,\"name\":\"Ambassadors\"}]},{\"@type\":\"WebSite\",\"@id\":\"https:\/\/www.journeesdelaculture.qc.ca\/#website\",\"url\":\"https:\/\/www.journeesdelaculture.qc.ca\/\",\"name\":\"Journ\u00e9es de la culture\",\"description\":\"\",\"publisher\":{\"@id\":\"https:\/\/www.journeesdelaculture.qc.ca\/#organization\"},\"potentialAction\":[{\"@type\":\"SearchAction\",\"target\":{\"@type\":\"EntryPoint\",\"urlTemplate\":\"https:\/\/www.journeesdelaculture.qc.ca\/?s={search_term_string}\"},\"query-input\":{\"@type\":\"PropertyValueSpecification\",\"valueRequired\":true,\"valueName\":\"search_term_string\"}}],\"inLanguage\":\"en-US\"},{\"@type\":\"Organization\",\"@id\":\"https:\/\/www.journeesdelaculture.qc.ca\/#organization\",\"name\":\"Culture pour tous\",\"url\":\"https:\/\/www.journeesdelaculture.qc.ca\/\",\"logo\":{\"@type\":\"ImageObject\",\"inLanguage\":\"en-US\",\"@id\":\"https:\/\/www.journeesdelaculture.qc.ca\/#\/schema\/logo\/image\/\",\"url\":\"https:\/\/www.journeesdelaculture.qc.ca\/wp-content\/uploads\/2024\/06\/CPT_journeesdelaculture_RGB.png\",\"contentUrl\":\"https:\/\/www.journeesdelaculture.qc.ca\/wp-content\/uploads\/2024\/06\/CPT_journeesdelaculture_RGB.png\",\"width\":3041,\"height\":980,\"caption\":\"Culture pour tous\"},\"image\":{\"@id\":\"https:\/\/www.journeesdelaculture.qc.ca\/#\/schema\/logo\/image\/\"},\"sameAs\":[\"https:\/\/www.facebook.com\/journeesdelaculture\/\",\"https:\/\/x.com\/les_journees\",\"https:\/\/www.instagram.com\/les_journees\/\"]}]}<\/script>\n<!-- \/ Yoast SEO plugin. -->","yoast_head_json":{"title":"Ambassadors - Journ\u00e9es de la culture","robots":{"index":"index","follow":"follow","max-snippet":"max-snippet:-1","max-image-preview":"max-image-preview:large","max-video-preview":"max-video-preview:-1"},"canonical":"https:\/\/www.journeesdelaculture.qc.ca\/en\/ambassadors","og_locale":"en_US","og_type":"article","og_title":"Ambassadors - Journ\u00e9es de la culture","og_description":"Cynthia Wu-Maheux and Fr\u00e9d\u00e9ric Pierre, proud ambassadors of Journ\u00e9es de la culture!&nbsp; Actors Cynthia Wu-Maheux and Fr\u00e9d\u00e9ric Pierre lend their voices to the 26th Journ\u00e9es de la culture and invite the entire population to celebrate the richness and diversity of Quebec&#8217;s culture!&nbsp; Cynthia Wu-Maheux &#8220;Culture and art are quick paths to the heart and highlight...","og_url":"https:\/\/www.journeesdelaculture.qc.ca\/en\/ambassadors","og_site_name":"Journ\u00e9es de la culture","article_publisher":"https:\/\/www.facebook.com\/journeesdelaculture\/","article_modified_time":"2022-08-16T17:35:27+00:00","og_image":[{"url":"https:\/\/www.journeesdelaculture.qc.ca\/wp-content\/uploads\/2022\/08\/cynthia-wu-maheux-louise-lemay-38131-1-250x375.jpeg","type":"","width":"","height":""}],"twitter_card":"summary_large_image","twitter_site":"@les_journees","twitter_misc":{"Est. reading time":"4 minutes"},"schema":{"@context":"https:\/\/schema.org","@graph":[{"@type":"WebPage","@id":"https:\/\/www.journeesdelaculture.qc.ca\/en\/ambassadors","url":"https:\/\/www.journeesdelaculture.qc.ca\/en\/ambassadors","name":"Ambassadors - Journ\u00e9es de la culture","isPartOf":{"@id":"https:\/\/www.journeesdelaculture.qc.ca\/#website"},"primaryImageOfPage":{"@id":"https:\/\/www.journeesdelaculture.qc.ca\/en\/ambassadors#primaryimage"},"image":{"@id":"https:\/\/www.journeesdelaculture.qc.ca\/en\/ambassadors#primaryimage"},"thumbnailUrl":"https:\/\/www.journeesdelaculture.qc.ca\/wp-content\/uploads\/2022\/08\/cynthia-wu-maheux-louise-lemay-38131-1-250x375.jpeg","datePublished":"2022-08-16T17:35:25+00:00","dateModified":"2022-08-16T17:35:27+00:00","breadcrumb":{"@id":"https:\/\/www.journeesdelaculture.qc.ca\/en\/ambassadors#breadcrumb"},"inLanguage":"en-US","potentialAction":[{"@type":"ReadAction","target":["https:\/\/www.journeesdelaculture.qc.ca\/en\/ambassadors"]}]},{"@type":"ImageObject","inLanguage":"en-US","@id":"https:\/\/www.journeesdelaculture.qc.ca\/en\/ambassadors#primaryimage","url":"https:\/\/www.journeesdelaculture.qc.ca\/wp-content\/uploads\/2022\/08\/cynthia-wu-maheux-louise-lemay-38131-1-250x375.jpeg","contentUrl":"https:\/\/www.journeesdelaculture.qc.ca\/wp-content\/uploads\/2022\/08\/cynthia-wu-maheux-louise-lemay-38131-1-250x375.jpeg"},{"@type":"BreadcrumbList","@id":"https:\/\/www.journeesdelaculture.qc.ca\/en\/ambassadors#breadcrumb","itemListElement":[{"@type":"ListItem","position":1,"name":"Home","item":"https:\/\/www.journeesdelaculture.qc.ca\/en"},{"@type":"ListItem","position":2,"name":"Ambassadors"}]},{"@type":"WebSite","@id":"https:\/\/www.journeesdelaculture.qc.ca\/#website","url":"https:\/\/www.journeesdelaculture.qc.ca\/","name":"Journ\u00e9es de la culture","description":"","publisher":{"@id":"https:\/\/www.journeesdelaculture.qc.ca\/#organization"},"potentialAction":[{"@type":"SearchAction","target":{"@type":"EntryPoint","urlTemplate":"https:\/\/www.journeesdelaculture.qc.ca\/?s={search_term_string}"},"query-input":{"@type":"PropertyValueSpecification","valueRequired":true,"valueName":"search_term_string"}}],"inLanguage":"en-US"},{"@type":"Organization","@id":"https:\/\/www.journeesdelaculture.qc.ca\/#organization","name":"Culture pour tous","url":"https:\/\/www.journeesdelaculture.qc.ca\/","logo":{"@type":"ImageObject","inLanguage":"en-US","@id":"https:\/\/www.journeesdelaculture.qc.ca\/#\/schema\/logo\/image\/","url":"https:\/\/www.journeesdelaculture.qc.ca\/wp-content\/uploads\/2024\/06\/CPT_journeesdelaculture_RGB.png","contentUrl":"https:\/\/www.journeesdelaculture.qc.ca\/wp-content\/uploads\/2024\/06\/CPT_journeesdelaculture_RGB.png","width":3041,"height":980,"caption":"Culture pour tous"},"image":{"@id":"https:\/\/www.journeesdelaculture.qc.ca\/#\/schema\/logo\/image\/"},"sameAs":["https:\/\/www.facebook.com\/journeesdelaculture\/","https:\/\/x.com\/les_journees","https:\/\/www.instagram.com\/les_journees\/"]}]}},"_links":{"self":[{"href":"https:\/\/www.journeesdelaculture.qc.ca\/en\/wp-json\/wp\/v2\/pages\/70094","targetHints":{"allow":["GET"]}}],"collection":[{"href":"https:\/\/www.journeesdelaculture.qc.ca\/en\/wp-json\/wp\/v2\/pages"}],"about":[{"href":"https:\/\/www.journeesdelaculture.qc.ca\/en\/wp-json\/wp\/v2\/types\/page"}],"author":[{"embeddable":true,"href":"https:\/\/www.journeesdelaculture.qc.ca\/en\/wp-json\/wp\/v2\/users\/7"}],"replies":[{"embeddable":true,"href":"https:\/\/www.journeesdelaculture.qc.ca\/en\/wp-json\/wp\/v2\/comments?post=70094"}],"version-history":[{"count":8,"href":"https:\/\/www.journeesdelaculture.qc.ca\/en\/wp-json\/wp\/v2\/pages\/70094\/revisions"}],"predecessor-version":[{"id":70130,"href":"https:\/\/www.journeesdelaculture.qc.ca\/en\/wp-json\/wp\/v2\/pages\/70094\/revisions\/70130"}],"wp:attachment":[{"href":"https:\/\/www.journeesdelaculture.qc.ca\/en\/wp-json\/wp\/v2\/media?parent=70094"}],"curies":[{"name":"wp","href":"https:\/\/api.w.org\/{rel}","templated":true}]}}