{"id":68640,"date":"2022-05-20T14:08:21","date_gmt":"2022-05-20T18:08:21","guid":{"rendered":"https:\/\/www.journeesdelaculture.qc.ca\/?page_id=68640"},"modified":"2026-04-10T10:17:24","modified_gmt":"2026-04-10T14:17:24","slug":"une-chanson-a-lecole-presentation","status":"publish","type":"page","link":"https:\/\/www.journeesdelaculture.qc.ca\/en\/une-chanson-a-lecole-presentation","title":{"rendered":"Une chanson \u00e0 l&#8217;\u00e9cole \u2014 Presentation"},"content":{"rendered":"<p>Every year, elementary school students in Quebec and the Canadian Francophonie are invited to unite their voices and kick off the Journ\u00e9es de la culture with <strong>&#8220;Une chanson \u00e0 l&#8217;\u00e9cole&#8221;<em>.<\/em><\/strong> Since 2016, an original piece of music is composed especially for the activity by a major artist of the francophone pop scene.<\/p>\n<h3><strong>2025<br \/><\/strong>Sarahm\u00e9e and the OSM \u2014 <em>Haut les c\u0153urs!<\/em><\/h3>\n<h3><a href=\"https:\/\/telequebec.tv\/contenu\/une-chanson-a-lecole-haut-les-coeurs-de-sarahmee-et-losm\" target=\"_blank\" rel=\"noopener\"><img loading=\"lazy\" decoding=\"async\" class=\"alignnone wp-image-130126 size-full\" src=\"https:\/\/www.journeesdelaculture.qc.ca\/wp-content\/uploads\/2025\/10\/chanson_ecole_2025_sarahmee-1.png\" alt=\"\" width=\"794\" height=\"397\" srcset=\"https:\/\/www.journeesdelaculture.qc.ca\/wp-content\/uploads\/2025\/10\/chanson_ecole_2025_sarahmee-1.png 794w, https:\/\/www.journeesdelaculture.qc.ca\/wp-content\/uploads\/2025\/10\/chanson_ecole_2025_sarahmee-1-250x125.png 250w, https:\/\/www.journeesdelaculture.qc.ca\/wp-content\/uploads\/2025\/10\/chanson_ecole_2025_sarahmee-1-700x350.png 700w, https:\/\/www.journeesdelaculture.qc.ca\/wp-content\/uploads\/2025\/10\/chanson_ecole_2025_sarahmee-1-768x384.png 768w, https:\/\/www.journeesdelaculture.qc.ca\/wp-content\/uploads\/2025\/10\/chanson_ecole_2025_sarahmee-1-400x200.png 400w\" sizes=\"auto, (max-width: 794px) 100vw, 794px\" \/><\/a><\/h3>\n<h3><strong>2024<br \/><\/strong>Alfa Rococo and the OSM \u2014 <em>Plus je sais, mieux je suis<\/em><\/h3>\n<h3><a href=\"https:\/\/telequebec.tv\/contenu\/plus-je-sais-mieux-je-suis-dalfa-rococo-et-losm\" target=\"_blank\" rel=\"noopener\"><img loading=\"lazy\" decoding=\"async\" class=\"alignnone wp-image-111663 size-full\" src=\"https:\/\/www.journeesdelaculture.qc.ca\/wp-content\/uploads\/2024\/06\/Design-sans-titre-64.png\" alt=\"\" width=\"794\" height=\"397\" srcset=\"https:\/\/www.journeesdelaculture.qc.ca\/wp-content\/uploads\/2024\/06\/Design-sans-titre-64.png 794w, https:\/\/www.journeesdelaculture.qc.ca\/wp-content\/uploads\/2024\/06\/Design-sans-titre-64-250x125.png 250w, https:\/\/www.journeesdelaculture.qc.ca\/wp-content\/uploads\/2024\/06\/Design-sans-titre-64-700x350.png 700w, https:\/\/www.journeesdelaculture.qc.ca\/wp-content\/uploads\/2024\/06\/Design-sans-titre-64-768x384.png 768w, https:\/\/www.journeesdelaculture.qc.ca\/wp-content\/uploads\/2024\/06\/Design-sans-titre-64-400x200.png 400w\" sizes=\"auto, (max-width: 794px) 100vw, 794px\" \/><\/a><\/h3>\n<p><!--\n\n\n\n\n\n\n<h3><strong>2023\n<\/strong>On Fanny Bloom and the OSM \u2014 <em>Le grand rendez-vous<\/em><\/h3>\n\n\n\n\n\n\n\n\n\n\n\n\n<h3><a href=\"https:\/\/www.journeesdelaculture.qc.ca\/wp-content\/uploads\/2024\/02\/fanny-bloom-la-fabrique-768x384-1.png\" target=\"_blank\" rel=\"noopener\"><img loading=\"lazy\" decoding=\"async\" class=\"alignnone wp-image-110657 size-full\" src=\"https:\/\/www.journeesdelaculture.qc.ca\/wp-content\/uploads\/2024\/02\/fanny-bloom-la-fabrique-768x384-1.png\" alt=\"\" width=\"768\" height=\"384\" srcset=\"https:\/\/www.journeesdelaculture.qc.ca\/wp-content\/uploads\/2024\/02\/fanny-bloom-la-fabrique-768x384-1.png 768w, https:\/\/www.journeesdelaculture.qc.ca\/wp-content\/uploads\/2024\/02\/fanny-bloom-la-fabrique-768x384-1-250x125.png 250w, https:\/\/www.journeesdelaculture.qc.ca\/wp-content\/uploads\/2024\/02\/fanny-bloom-la-fabrique-768x384-1-700x350.png 700w, https:\/\/www.journeesdelaculture.qc.ca\/wp-content\/uploads\/2024\/02\/fanny-bloom-la-fabrique-768x384-1-400x200.png 400w\" sizes=\"auto, (max-width: 768px) 100vw, 768px\" \/><\/a><\/h3>\n\n\n\n\n\n\nWatch <a href=\"https:\/\/www.youtube.com\/watch?v=RW9oLVFiiGA\" target=\"_blank\" rel=\"noopener\"><strong>Fanny's performance with students from Vaudreuil-Dorion.<\/strong><\/a>\n\n\n\n\n\n\n<h3><strong>2022<\/strong>\nLouis-Jean Cormier and the OSM \u2014 <em>Les doigts en c\u0153ur<\/em><\/h3>\n\n\n\n\n\n\n\n\n\n\n\n\n<h3><a href=\"https:\/\/www.lafabriqueculturelle.tv\/capsules\/14026\/les-doigts-en-coeur-par-louis-jean-cormier-et-l-osm-une-chanson-a-l-ecole-les-journees-de-la-culture\" target=\"_blank\" rel=\"noopener\"><img loading=\"lazy\" decoding=\"async\" class=\"alignnone wp-image-68796\" src=\"https:\/\/www.journeesdelaculture.qc.ca\/wp-content\/uploads\/2022\/05\/Capture-1.png\" alt=\"\" width=\"794\" height=\"374\" srcset=\"https:\/\/www.journeesdelaculture.qc.ca\/wp-content\/uploads\/2022\/05\/Capture-1.png 1893w, https:\/\/www.journeesdelaculture.qc.ca\/wp-content\/uploads\/2022\/05\/Capture-1-250x118.png 250w, https:\/\/www.journeesdelaculture.qc.ca\/wp-content\/uploads\/2022\/05\/Capture-1-700x330.png 700w, https:\/\/www.journeesdelaculture.qc.ca\/wp-content\/uploads\/2022\/05\/Capture-1-768x362.png 768w, https:\/\/www.journeesdelaculture.qc.ca\/wp-content\/uploads\/2022\/05\/Capture-1-1536x725.png 1536w, https:\/\/www.journeesdelaculture.qc.ca\/wp-content\/uploads\/2022\/05\/Capture-1-1600x755.png 1600w, https:\/\/www.journeesdelaculture.qc.ca\/wp-content\/uploads\/2022\/05\/Capture-1-400x189.png 400w\" sizes=\"auto, (max-width: 794px) 100vw, 794px\" \/><\/a><\/h3>\n\n\n\n\n\n\nView the <a href=\"https:\/\/www.youtube.com\/watch?v=_amvdKWZRGg\" target=\"_blank\" rel=\"noopener\">student's interpretation<\/a>.\n\n\n\n\n\n\n<h3><strong>2021<\/strong>\nAriane Moffatt and the OSM \u2014 <em>Ensemble, sensibles\n<\/em>\n<a href=\"https:\/\/www.lafabriqueculturelle.tv\/capsules\/13373\/ensemble-sensibles-d-ariane-moffatt-une-chanson-a-l-ecole-les-journees-de-la-culture\" target=\"_blank\" rel=\"noopener\"><img loading=\"lazy\" decoding=\"async\" class=\"alignnone wp-image-61393\" src=\"https:\/\/www.journeesdelaculture.qc.ca\/wp-content\/uploads\/2021\/05\/Capture_Fab_Ariane_OSM_2021.jpg\" alt=\"\" width=\"794\" height=\"387\" srcset=\"https:\/\/www.journeesdelaculture.qc.ca\/wp-content\/uploads\/2021\/05\/Capture_Fab_Ariane_OSM_2021.jpg 1849w, https:\/\/www.journeesdelaculture.qc.ca\/wp-content\/uploads\/2021\/05\/Capture_Fab_Ariane_OSM_2021-250x122.jpg 250w, https:\/\/www.journeesdelaculture.qc.ca\/wp-content\/uploads\/2021\/05\/Capture_Fab_Ariane_OSM_2021-768x374.jpg 768w, https:\/\/www.journeesdelaculture.qc.ca\/wp-content\/uploads\/2021\/05\/Capture_Fab_Ariane_OSM_2021-700x341.jpg 700w, https:\/\/www.journeesdelaculture.qc.ca\/wp-content\/uploads\/2021\/05\/Capture_Fab_Ariane_OSM_2021-1600x780.jpg 1600w, https:\/\/www.journeesdelaculture.qc.ca\/wp-content\/uploads\/2021\/05\/Capture_Fab_Ariane_OSM_2021-400x195.jpg 400w\" sizes=\"auto, (max-width: 794px) 100vw, 794px\" \/><\/a><\/h3>\n\n\n\n\n\n\nView the <a href=\"https:\/\/www.youtube.com\/watch?v=JP0ZaVvWvs0&amp;ab_channel=OrchestresymphoniquedeMontr%C3%A9al\" target=\"_blank\" rel=\"noopener\">students' interpretation<\/a>.\n\n\n\n\n\n\n<h3><strong>2020<\/strong>\nDamien Robitaille\u00a0\u2014<em> Il me semble<\/em><\/h3>\n\n\n\n\n\n\n<a href=\"https:\/\/www.lafabriqueculturelle.tv\/capsules\/12725\/il-me-semble-de-damien-robitaille-une-chanson-a-l-ecole-les-journees-de-la-culture\" target=\"_blank\" rel=\"noopener\"><img loading=\"lazy\" decoding=\"async\" class=\"alignnone wp-image-60361\" src=\"https:\/\/www.journeesdelaculture.qc.ca\/wp-content\/uploads\/2021\/03\/DamienRobitaille_Une_chanson_\u00e0_lecole.jpg\" alt=\"\" width=\"796\" height=\"386\" srcset=\"https:\/\/www.journeesdelaculture.qc.ca\/wp-content\/uploads\/2021\/03\/DamienRobitaille_Une_chanson_\u00e0_lecole.jpg 1848w, https:\/\/www.journeesdelaculture.qc.ca\/wp-content\/uploads\/2021\/03\/DamienRobitaille_Une_chanson_\u00e0_lecole-250x121.jpg 250w, https:\/\/www.journeesdelaculture.qc.ca\/wp-content\/uploads\/2021\/03\/DamienRobitaille_Une_chanson_\u00e0_lecole-768x372.jpg 768w, https:\/\/www.journeesdelaculture.qc.ca\/wp-content\/uploads\/2021\/03\/DamienRobitaille_Une_chanson_\u00e0_lecole-700x339.jpg 700w, https:\/\/www.journeesdelaculture.qc.ca\/wp-content\/uploads\/2021\/03\/DamienRobitaille_Une_chanson_\u00e0_lecole-1600x776.jpg 1600w, https:\/\/www.journeesdelaculture.qc.ca\/wp-content\/uploads\/2021\/03\/DamienRobitaille_Une_chanson_\u00e0_lecole-400x194.jpg 400w\" sizes=\"auto, (max-width: 796px) 100vw, 796px\" \/><\/a>\n\n\n\n\n\n\n<h3><strong>2019<\/strong>\nElisapie\u00a0\u2014<em> Nous avons march\u00e9<\/em><\/h3>\n\n\n\n\n\n\n<a href=\"https:\/\/www.lafabriqueculturelle.tv\/capsules\/12141\/nous-avons-marche-d-elisapie-les-journees-de-la-culture-une-chanson-a-l-ecole\" target=\"_blank\" rel=\"noopener\"><img loading=\"lazy\" decoding=\"async\" class=\"alignnone wp-image-60371\" src=\"https:\/\/www.journeesdelaculture.qc.ca\/wp-content\/uploads\/2021\/03\/Elisapie_Une_chanson_\u00e0_lecole.jpg\" alt=\"\" width=\"794\" height=\"375\" srcset=\"https:\/\/www.journeesdelaculture.qc.ca\/wp-content\/uploads\/2021\/03\/Elisapie_Une_chanson_\u00e0_lecole.jpg 1862w, https:\/\/www.journeesdelaculture.qc.ca\/wp-content\/uploads\/2021\/03\/Elisapie_Une_chanson_\u00e0_lecole-250x118.jpg 250w, https:\/\/www.journeesdelaculture.qc.ca\/wp-content\/uploads\/2021\/03\/Elisapie_Une_chanson_\u00e0_lecole-768x362.jpg 768w, https:\/\/www.journeesdelaculture.qc.ca\/wp-content\/uploads\/2021\/03\/Elisapie_Une_chanson_\u00e0_lecole-700x330.jpg 700w, https:\/\/www.journeesdelaculture.qc.ca\/wp-content\/uploads\/2021\/03\/Elisapie_Une_chanson_\u00e0_lecole-1600x754.jpg 1600w, https:\/\/www.journeesdelaculture.qc.ca\/wp-content\/uploads\/2021\/03\/Elisapie_Une_chanson_\u00e0_lecole-400x189.jpg 400w\" sizes=\"auto, (max-width: 794px) 100vw, 794px\" \/><\/a>\n\n-->Are you an elementary school teacher? <a href=\"https:\/\/www.journeesdelaculture.qc.ca\/une-chanson-a-lecole-2026-inscription\" target=\"_blank\" rel=\"noopener\">Visit this page<\/a> to learn more about <strong>&#8220;Une chanson \u00e0 l&#8217;\u00e9cole&#8221;<\/strong> and register your class for the next edition.<\/p>\n<hr \/>\n<div class=\"block block--important\">\n<h3 class=\"h2\">Thanks<\/h3>\n<p><strong>&#8220;Une chanson \u00e0 l\u2019\u00e9cole&#8221;<\/strong> is produced by <a href=\"https:\/\/www.culturepourtous.ca\/en\/\" target=\"_blank\" rel=\"noreferrer noopener\">Culture pour tous<\/a> thanks to the support of <a href=\"https:\/\/www.mcc.gouv.qc.ca\/\" target=\"_blank\" rel=\"noreferrer noopener\">minist\u00e8re de la Culture et des Communications<\/a><strong>,<\/strong> in partnership with the <a href=\"https:\/\/www.lacsq.org\/\" target=\"_blank\" rel=\"noreferrer noopener\">Centrale des syndicats du Qu\u00e9bec (CSQ)<\/a> and in collaboration with l\u2019<a href=\"https:\/\/www.osm.ca\/en\/\" target=\"_blank\" rel=\"noreferrer noopener\">Orchestre symphonique de Montr\u00e9al<\/a> and <a href=\"https:\/\/telequebec.tv\/section\/fab\" target=\"_blank\" rel=\"noreferrer noopener\">FAB T\u00e9l\u00e9-Qu\u00e9bec<\/a><strong>.<\/strong><\/p>\n<p><strong>Distribution partners 2026: <\/strong><a href=\"https:\/\/www.chorales.ca\/\" target=\"_blank\" rel=\"noreferrer noopener\">Alliance chorale du Qu\u00e9bec<\/a>, <a href=\"https:\/\/acelf.ca\/ressources\/lio\/\" target=\"_blank\" rel=\"noreferrer noopener\">ACELF \/ Projet Lio<\/a>, <a href=\"https:\/\/eer.qc.ca\/\" target=\"_blank\" rel=\"noreferrer noopener\">\u00c9cole en r\u00e9seau<\/a>,\u00a0<a href=\"https:\/\/www.fameq.org\/\" target=\"_blank\" rel=\"noreferrer noopener\">F\u00e9d\u00e9ration des Associations de Musiciens \u00c9ducateurs du Qu\u00e9bec (FAMEQ)<\/a>, <a href=\"https:\/\/www.ctf-fce.ca\/\" target=\"_blank\" rel=\"noreferrer noopener\">Canadian Teachers&#8217; Federation (CTF-FCE)<\/a>, <a href=\"https:\/\/fccf.ca\/\" target=\"_blank\" rel=\"noreferrer noopener\">F\u00e9d\u00e9ration culturelle canadienne-fran\u00e7aise (FCCF)<\/a>,\u00a0<a href=\"https:\/\/www.fhosq.org\/\" target=\"_blank\" rel=\"noreferrer noopener\">F\u00e9d\u00e9ration des harmonies et des orchestres symphoniques du Qu\u00e9bec (FHOSQ)<\/a>, <a href=\"https:\/\/fncsf.ca\/en\" target=\"_blank\" rel=\"noreferrer noopener\">F\u00e9d\u00e9ration nationale des conseils scolaires francophones (FNCSF)<\/a>, <a href=\"https:\/\/lesasdelinfo.com\/\" target=\"_blank\" rel=\"noreferrer noopener\">Les As de l\u2019info<\/a>.<\/p>\n<\/div>\n\n\n<p><\/p>\n","protected":false},"excerpt":{"rendered":"Every year, elementary school students in Quebec and the Canadian Francophonie are invited to unite their voices and kick off the Journ\u00e9es de la culture with &#8220;Une chanson \u00e0 l&#8217;\u00e9cole&#8221;. Since 2016, an original piece of music is composed especially for the activity by a major artist of the francophone pop scene. 2025Sarahm\u00e9e and the&#8230;","protected":false},"author":7,"featured_media":0,"parent":0,"menu_order":0,"comment_status":"closed","ping_status":"closed","template":"","meta":{"_acf_changed":false,"footnotes":""},"class_list":["post-68640","page","type-page","status-publish","hentry"],"acf":[],"yoast_head":"<!-- This site is optimized with the Yoast SEO plugin v24.2 - https:\/\/yoast.com\/wordpress\/plugins\/seo\/ -->\n<title>Une chanson \u00e0 l&#039;\u00e9cole \u2014 Presentation - Journ\u00e9es de la culture<\/title>\n<meta name=\"robots\" content=\"index, follow, max-snippet:-1, max-image-preview:large, max-video-preview:-1\" \/>\n<link rel=\"canonical\" href=\"https:\/\/www.journeesdelaculture.qc.ca\/en\/une-chanson-a-lecole-presentation\" \/>\n<meta property=\"og:locale\" content=\"en_US\" \/>\n<meta property=\"og:type\" content=\"article\" \/>\n<meta property=\"og:title\" content=\"Une chanson \u00e0 l&#039;\u00e9cole \u2014 Presentation - Journ\u00e9es de la culture\" \/>\n<meta property=\"og:description\" content=\"Every year, elementary school students in Quebec and the Canadian Francophonie are invited to unite their voices and kick off the Journ\u00e9es de la culture with &#8220;Une chanson \u00e0 l&#8217;\u00e9cole&#8221;. Since 2016, an original piece of music is composed especially for the activity by a major artist of the francophone pop scene. 2025Sarahm\u00e9e and the...\" \/>\n<meta property=\"og:url\" content=\"https:\/\/www.journeesdelaculture.qc.ca\/en\/une-chanson-a-lecole-presentation\" \/>\n<meta property=\"og:site_name\" content=\"Journ\u00e9es de la culture\" \/>\n<meta property=\"article:publisher\" content=\"https:\/\/www.facebook.com\/journeesdelaculture\/\" \/>\n<meta property=\"article:modified_time\" content=\"2026-04-10T14:17:24+00:00\" \/>\n<meta property=\"og:image\" content=\"https:\/\/www.journeesdelaculture.qc.ca\/wp-content\/uploads\/2025\/10\/chanson_ecole_2025_sarahmee-1.png\" \/>\n\t<meta property=\"og:image:width\" content=\"794\" \/>\n\t<meta property=\"og:image:height\" content=\"397\" \/>\n\t<meta property=\"og:image:type\" content=\"image\/png\" \/>\n<meta name=\"twitter:card\" content=\"summary_large_image\" \/>\n<meta name=\"twitter:site\" content=\"@les_journees\" \/>\n<meta name=\"twitter:label1\" content=\"Est. reading time\" \/>\n\t<meta name=\"twitter:data1\" content=\"2 minutes\" \/>\n<script type=\"application\/ld+json\" class=\"yoast-schema-graph\">{\"@context\":\"https:\/\/schema.org\",\"@graph\":[{\"@type\":\"WebPage\",\"@id\":\"https:\/\/www.journeesdelaculture.qc.ca\/en\/une-chanson-a-lecole-presentation\",\"url\":\"https:\/\/www.journeesdelaculture.qc.ca\/en\/une-chanson-a-lecole-presentation\",\"name\":\"Une chanson \u00e0 l'\u00e9cole \u2014 Presentation - Journ\u00e9es de la culture\",\"isPartOf\":{\"@id\":\"https:\/\/www.journeesdelaculture.qc.ca\/#website\"},\"primaryImageOfPage\":{\"@id\":\"https:\/\/www.journeesdelaculture.qc.ca\/en\/une-chanson-a-lecole-presentation#primaryimage\"},\"image\":{\"@id\":\"https:\/\/www.journeesdelaculture.qc.ca\/en\/une-chanson-a-lecole-presentation#primaryimage\"},\"thumbnailUrl\":\"https:\/\/www.journeesdelaculture.qc.ca\/wp-content\/uploads\/2025\/10\/chanson_ecole_2025_sarahmee-1.png\",\"datePublished\":\"2022-05-20T18:08:21+00:00\",\"dateModified\":\"2026-04-10T14:17:24+00:00\",\"breadcrumb\":{\"@id\":\"https:\/\/www.journeesdelaculture.qc.ca\/en\/une-chanson-a-lecole-presentation#breadcrumb\"},\"inLanguage\":\"en-US\",\"potentialAction\":[{\"@type\":\"ReadAction\",\"target\":[\"https:\/\/www.journeesdelaculture.qc.ca\/en\/une-chanson-a-lecole-presentation\"]}]},{\"@type\":\"ImageObject\",\"inLanguage\":\"en-US\",\"@id\":\"https:\/\/www.journeesdelaculture.qc.ca\/en\/une-chanson-a-lecole-presentation#primaryimage\",\"url\":\"https:\/\/www.journeesdelaculture.qc.ca\/wp-content\/uploads\/2025\/10\/chanson_ecole_2025_sarahmee-1.png\",\"contentUrl\":\"https:\/\/www.journeesdelaculture.qc.ca\/wp-content\/uploads\/2025\/10\/chanson_ecole_2025_sarahmee-1.png\"},{\"@type\":\"BreadcrumbList\",\"@id\":\"https:\/\/www.journeesdelaculture.qc.ca\/en\/une-chanson-a-lecole-presentation#breadcrumb\",\"itemListElement\":[{\"@type\":\"ListItem\",\"position\":1,\"name\":\"Home\",\"item\":\"https:\/\/www.journeesdelaculture.qc.ca\/en\"},{\"@type\":\"ListItem\",\"position\":2,\"name\":\"Une chanson \u00e0 l&rsquo;\u00e9cole \u2014 Presentation\"}]},{\"@type\":\"WebSite\",\"@id\":\"https:\/\/www.journeesdelaculture.qc.ca\/#website\",\"url\":\"https:\/\/www.journeesdelaculture.qc.ca\/\",\"name\":\"Journ\u00e9es de la culture\",\"description\":\"\",\"publisher\":{\"@id\":\"https:\/\/www.journeesdelaculture.qc.ca\/#organization\"},\"potentialAction\":[{\"@type\":\"SearchAction\",\"target\":{\"@type\":\"EntryPoint\",\"urlTemplate\":\"https:\/\/www.journeesdelaculture.qc.ca\/?s={search_term_string}\"},\"query-input\":{\"@type\":\"PropertyValueSpecification\",\"valueRequired\":true,\"valueName\":\"search_term_string\"}}],\"inLanguage\":\"en-US\"},{\"@type\":\"Organization\",\"@id\":\"https:\/\/www.journeesdelaculture.qc.ca\/#organization\",\"name\":\"Culture pour tous\",\"url\":\"https:\/\/www.journeesdelaculture.qc.ca\/\",\"logo\":{\"@type\":\"ImageObject\",\"inLanguage\":\"en-US\",\"@id\":\"https:\/\/www.journeesdelaculture.qc.ca\/#\/schema\/logo\/image\/\",\"url\":\"https:\/\/www.journeesdelaculture.qc.ca\/wp-content\/uploads\/2024\/06\/CPT_journeesdelaculture_RGB.png\",\"contentUrl\":\"https:\/\/www.journeesdelaculture.qc.ca\/wp-content\/uploads\/2024\/06\/CPT_journeesdelaculture_RGB.png\",\"width\":3041,\"height\":980,\"caption\":\"Culture pour tous\"},\"image\":{\"@id\":\"https:\/\/www.journeesdelaculture.qc.ca\/#\/schema\/logo\/image\/\"},\"sameAs\":[\"https:\/\/www.facebook.com\/journeesdelaculture\/\",\"https:\/\/x.com\/les_journees\",\"https:\/\/www.instagram.com\/les_journees\/\"]}]}<\/script>\n<!-- \/ Yoast SEO plugin. -->","yoast_head_json":{"title":"Une chanson \u00e0 l'\u00e9cole \u2014 Presentation - Journ\u00e9es de la culture","robots":{"index":"index","follow":"follow","max-snippet":"max-snippet:-1","max-image-preview":"max-image-preview:large","max-video-preview":"max-video-preview:-1"},"canonical":"https:\/\/www.journeesdelaculture.qc.ca\/en\/une-chanson-a-lecole-presentation","og_locale":"en_US","og_type":"article","og_title":"Une chanson \u00e0 l'\u00e9cole \u2014 Presentation - Journ\u00e9es de la culture","og_description":"Every year, elementary school students in Quebec and the Canadian Francophonie are invited to unite their voices and kick off the Journ\u00e9es de la culture with &#8220;Une chanson \u00e0 l&#8217;\u00e9cole&#8221;. Since 2016, an original piece of music is composed especially for the activity by a major artist of the francophone pop scene. 2025Sarahm\u00e9e and the...","og_url":"https:\/\/www.journeesdelaculture.qc.ca\/en\/une-chanson-a-lecole-presentation","og_site_name":"Journ\u00e9es de la culture","article_publisher":"https:\/\/www.facebook.com\/journeesdelaculture\/","article_modified_time":"2026-04-10T14:17:24+00:00","og_image":[{"width":794,"height":397,"url":"https:\/\/www.journeesdelaculture.qc.ca\/wp-content\/uploads\/2025\/10\/chanson_ecole_2025_sarahmee-1.png","type":"image\/png"}],"twitter_card":"summary_large_image","twitter_site":"@les_journees","twitter_misc":{"Est. reading time":"2 minutes"},"schema":{"@context":"https:\/\/schema.org","@graph":[{"@type":"WebPage","@id":"https:\/\/www.journeesdelaculture.qc.ca\/en\/une-chanson-a-lecole-presentation","url":"https:\/\/www.journeesdelaculture.qc.ca\/en\/une-chanson-a-lecole-presentation","name":"Une chanson \u00e0 l'\u00e9cole \u2014 Presentation - Journ\u00e9es de la culture","isPartOf":{"@id":"https:\/\/www.journeesdelaculture.qc.ca\/#website"},"primaryImageOfPage":{"@id":"https:\/\/www.journeesdelaculture.qc.ca\/en\/une-chanson-a-lecole-presentation#primaryimage"},"image":{"@id":"https:\/\/www.journeesdelaculture.qc.ca\/en\/une-chanson-a-lecole-presentation#primaryimage"},"thumbnailUrl":"https:\/\/www.journeesdelaculture.qc.ca\/wp-content\/uploads\/2025\/10\/chanson_ecole_2025_sarahmee-1.png","datePublished":"2022-05-20T18:08:21+00:00","dateModified":"2026-04-10T14:17:24+00:00","breadcrumb":{"@id":"https:\/\/www.journeesdelaculture.qc.ca\/en\/une-chanson-a-lecole-presentation#breadcrumb"},"inLanguage":"en-US","potentialAction":[{"@type":"ReadAction","target":["https:\/\/www.journeesdelaculture.qc.ca\/en\/une-chanson-a-lecole-presentation"]}]},{"@type":"ImageObject","inLanguage":"en-US","@id":"https:\/\/www.journeesdelaculture.qc.ca\/en\/une-chanson-a-lecole-presentation#primaryimage","url":"https:\/\/www.journeesdelaculture.qc.ca\/wp-content\/uploads\/2025\/10\/chanson_ecole_2025_sarahmee-1.png","contentUrl":"https:\/\/www.journeesdelaculture.qc.ca\/wp-content\/uploads\/2025\/10\/chanson_ecole_2025_sarahmee-1.png"},{"@type":"BreadcrumbList","@id":"https:\/\/www.journeesdelaculture.qc.ca\/en\/une-chanson-a-lecole-presentation#breadcrumb","itemListElement":[{"@type":"ListItem","position":1,"name":"Home","item":"https:\/\/www.journeesdelaculture.qc.ca\/en"},{"@type":"ListItem","position":2,"name":"Une chanson \u00e0 l&rsquo;\u00e9cole \u2014 Presentation"}]},{"@type":"WebSite","@id":"https:\/\/www.journeesdelaculture.qc.ca\/#website","url":"https:\/\/www.journeesdelaculture.qc.ca\/","name":"Journ\u00e9es de la culture","description":"","publisher":{"@id":"https:\/\/www.journeesdelaculture.qc.ca\/#organization"},"potentialAction":[{"@type":"SearchAction","target":{"@type":"EntryPoint","urlTemplate":"https:\/\/www.journeesdelaculture.qc.ca\/?s={search_term_string}"},"query-input":{"@type":"PropertyValueSpecification","valueRequired":true,"valueName":"search_term_string"}}],"inLanguage":"en-US"},{"@type":"Organization","@id":"https:\/\/www.journeesdelaculture.qc.ca\/#organization","name":"Culture pour tous","url":"https:\/\/www.journeesdelaculture.qc.ca\/","logo":{"@type":"ImageObject","inLanguage":"en-US","@id":"https:\/\/www.journeesdelaculture.qc.ca\/#\/schema\/logo\/image\/","url":"https:\/\/www.journeesdelaculture.qc.ca\/wp-content\/uploads\/2024\/06\/CPT_journeesdelaculture_RGB.png","contentUrl":"https:\/\/www.journeesdelaculture.qc.ca\/wp-content\/uploads\/2024\/06\/CPT_journeesdelaculture_RGB.png","width":3041,"height":980,"caption":"Culture pour tous"},"image":{"@id":"https:\/\/www.journeesdelaculture.qc.ca\/#\/schema\/logo\/image\/"},"sameAs":["https:\/\/www.facebook.com\/journeesdelaculture\/","https:\/\/x.com\/les_journees","https:\/\/www.instagram.com\/les_journees\/"]}]}},"_links":{"self":[{"href":"https:\/\/www.journeesdelaculture.qc.ca\/en\/wp-json\/wp\/v2\/pages\/68640","targetHints":{"allow":["GET"]}}],"collection":[{"href":"https:\/\/www.journeesdelaculture.qc.ca\/en\/wp-json\/wp\/v2\/pages"}],"about":[{"href":"https:\/\/www.journeesdelaculture.qc.ca\/en\/wp-json\/wp\/v2\/types\/page"}],"author":[{"embeddable":true,"href":"https:\/\/www.journeesdelaculture.qc.ca\/en\/wp-json\/wp\/v2\/users\/7"}],"replies":[{"embeddable":true,"href":"https:\/\/www.journeesdelaculture.qc.ca\/en\/wp-json\/wp\/v2\/comments?post=68640"}],"version-history":[{"count":20,"href":"https:\/\/www.journeesdelaculture.qc.ca\/en\/wp-json\/wp\/v2\/pages\/68640\/revisions"}],"predecessor-version":[{"id":130397,"href":"https:\/\/www.journeesdelaculture.qc.ca\/en\/wp-json\/wp\/v2\/pages\/68640\/revisions\/130397"}],"wp:attachment":[{"href":"https:\/\/www.journeesdelaculture.qc.ca\/en\/wp-json\/wp\/v2\/media?parent=68640"}],"curies":[{"name":"wp","href":"https:\/\/api.w.org\/{rel}","templated":true}]}}