{"id":68632,"date":"2022-05-20T13:43:18","date_gmt":"2022-05-20T17:43:18","guid":{"rendered":"https:\/\/www.journeesdelaculture.qc.ca\/?page_id=68632"},"modified":"2026-03-26T16:51:24","modified_gmt":"2026-03-26T20:51:24","slug":"jaime-les-mots-presentation","status":"publish","type":"page","link":"https:\/\/www.journeesdelaculture.qc.ca\/en\/jaime-les-mots-presentation","title":{"rendered":"J&#8217;aime les mots \u2014 Presentation"},"content":{"rendered":"\n<p>&#8220;<strong>J&#8217;aime les mots<\/strong>&#8221; is a free turnkey activity offered to teachers in Quebec and the French-speaking world as part of the school program of the <strong>Journ\u00e9es de la culture.<\/strong><\/p>\n\n\n\n<p>Whether in French, history, art, drama or even science classes, students can create memes to express themselves on major social issues or react to current events. But not just any memes! A rich bank of images is made available to participants by various cultural institutions in Quebec and Canada.<\/p>\n\n\n\n<p>Initially designed for high school students, the activity can be enjoyed by people of all ages!<\/p>\n\n\n\n<p>To find out more, contact us: <a href=\"mailto:scolaire@culturepourtous.ca\"><strong>scolaire@culturepourtous.ca<\/strong><\/a><\/p>\n\n\n<hr \/>\n<div class=\"block block--important\">\n<h2>Thanks!<\/h2>\n<p>&#8220;<strong>J&#8217;aime les mots<\/strong>&#8221; is produced by <a href=\"https:\/\/www.culturepourtous.ca\/en\" target=\"_blank\" rel=\"noopener\">Culture pour tous<\/a> in partnership with the\u00a0<a href=\"https:\/\/www.quebec.ca\/en\/culture\" target=\"_blank\" rel=\"noopener\">gouvernement du Qu\u00e9bec<\/a> and with the collaboration of the <a href=\"https:\/\/www.lacsq.org\/\" target=\"_blank\" rel=\"noopener\">Centrale des Syndicats du Qu\u00e9bec (CSQ)<\/a>.<\/p>\n<p><strong>Distribution partners 2026<\/strong>: <a href=\"https:\/\/acelf.ca\/ressources\/lio\/\" target=\"_blank\" rel=\"noreferrer noopener\">ACELF \/ Projet Lio<\/a>, <a href=\"https:\/\/aqpf.qc.ca\/\" target=\"_blank\" rel=\"noreferrer noopener\">Association qu\u00e9b\u00e9coise des professeur.e.s de fran\u00e7ais (AQPF)<\/a>, <a href=\"https:\/\/www.aquops.qc.ca\/\" target=\"_blank\" rel=\"noreferrer noopener\">Association qu\u00e9b\u00e9coise des utilisateurs d\u2019outils technologiques \u00e0 des fins p\u00e9dagogiques et sociales (AQUOPS)<\/a>, <a href=\"https:\/\/www.ctf-fce.ca\/\" target=\"_blank\" rel=\"noreferrer noopener\">Canadian Teachers&#8217; Federation (CTF-FCE)<\/a>, <a href=\"https:\/\/fccf.ca\/\" target=\"_blank\" rel=\"noreferrer noopener\">F\u00e9d\u00e9ration culturelle canadienne-fran\u00e7aise (FCCF)<\/a>, <a href=\"https:\/\/fncsf.ca\/en\/\" target=\"_blank\" rel=\"noreferrer noopener\">F\u00e9d\u00e9ration nationale des conseils scolaires francophones (FNCSF)<\/a>, <a href=\"https:\/\/lesasdelinfo.com\/\" target=\"_blank\" rel=\"noreferrer noopener\">Les As de l\u2019info<\/a>.<\/p>\n<p><strong>Content partners 2026: <\/strong><a href=\"https:\/\/www.archives.gov.on.ca\/\" target=\"_blank\" rel=\"noreferrer noopener\">Archives of Ontario<\/a>, <a href=\"https:\/\/www.banq.qc.ca\/banq-glance\/\" target=\"_blank\" rel=\"noreferrer noopener\">Biblioth\u00e8que et Archives nationales du Qu\u00e9bec (BAnQ)<\/a>, <a href=\"https:\/\/shsb.mb.ca\/?lang=en\" target=\"_blank\" rel=\"noreferrer noopener\">Centre du patrimoine (Manitoba)<\/a>, <a href=\"https:\/\/memmtl.ca\/en\/\" target=\"_blank\" rel=\"noreferrer noopener\">MEM \u2013 Centre des m\u00e9moires montr\u00e9alaises<\/a>, <a href=\"https:\/\/www.museejoliette.org\/en\" target=\"_blank\" rel=\"noreferrer noopener\">Mus\u00e9e d\u2019art de Joliette<\/a>, <a href=\"https:\/\/mcq.org\/en\/\" target=\"_blank\" rel=\"noreferrer noopener\">Mus\u00e9e de la civilisation<\/a>, <a href=\"https:\/\/museedelagaspesie.ca\/en\" target=\"_blank\" rel=\"noreferrer noopener\">Mus\u00e9e de la Gasp\u00e9sie<\/a>, <a href=\"https:\/\/mhist.org\/en\/\" target=\"_blank\" rel=\"noreferrer noopener\">Mhist \u2013 Mus\u00e9e d\u2019histoire de Sherbrooke<\/a>, <a href=\"https:\/\/www.musee-mccord-stewart.ca\/en\/\" target=\"_blank\" rel=\"noreferrer noopener\">McCord Stewart Museum Montreal<\/a>, <a href=\"https:\/\/museepop.ca\/en\/\" target=\"_blank\" rel=\"noreferrer noopener\">Mus\u00e9e POP<\/a>, <a href=\"https:\/\/rbcm.ca\/\" target=\"_blank\" rel=\"noreferrer noopener\">Royal BC Museum<\/a>, <a href=\"https:\/\/www.vieuxsainteustache.com\/\" target=\"_blank\" rel=\"noreferrer noopener\">Patrimoine culturel Vieux-Saint-Eustache<\/a> et <a href=\"https:\/\/shghl.ca\/\" target=\"_blank\" rel=\"noreferrer noopener\">Soci\u00e9t\u00e9 d\u2019histoire et de g\u00e9n\u00e9alogie des Hautes-Laurentides<\/a>.<\/p>\n<\/div>","protected":false},"excerpt":{"rendered":"&#8220;J&#8217;aime les mots&#8221; is a free turnkey activity offered to teachers in Quebec and the French-speaking world as part of the school program of the Journ\u00e9es de la culture. Whether in French, history, art, drama or even science classes, students can create memes to express themselves on major social issues or react to current events&#8230;.","protected":false},"author":7,"featured_media":0,"parent":0,"menu_order":0,"comment_status":"closed","ping_status":"closed","template":"","meta":{"_acf_changed":false,"footnotes":""},"class_list":["post-68632","page","type-page","status-publish","hentry"],"acf":[],"yoast_head":"<!-- This site is optimized with the Yoast SEO plugin v24.2 - https:\/\/yoast.com\/wordpress\/plugins\/seo\/ -->\n<title>J&#039;aime les mots \u2014 Presentation - Journ\u00e9es de la culture<\/title>\n<meta name=\"robots\" content=\"index, follow, max-snippet:-1, max-image-preview:large, max-video-preview:-1\" \/>\n<link rel=\"canonical\" href=\"https:\/\/www.journeesdelaculture.qc.ca\/en\/jaime-les-mots-presentation\" \/>\n<meta property=\"og:locale\" content=\"en_US\" \/>\n<meta property=\"og:type\" content=\"article\" \/>\n<meta property=\"og:title\" content=\"J&#039;aime les mots \u2014 Presentation - Journ\u00e9es de la culture\" \/>\n<meta property=\"og:description\" content=\"&#8220;J&#8217;aime les mots&#8221; is a free turnkey activity offered to teachers in Quebec and the French-speaking world as part of the school program of the Journ\u00e9es de la culture. Whether in French, history, art, drama or even science classes, students can create memes to express themselves on major social issues or react to current events....\" \/>\n<meta property=\"og:url\" content=\"https:\/\/www.journeesdelaculture.qc.ca\/en\/jaime-les-mots-presentation\" \/>\n<meta property=\"og:site_name\" content=\"Journ\u00e9es de la culture\" \/>\n<meta property=\"article:publisher\" content=\"https:\/\/www.facebook.com\/journeesdelaculture\/\" \/>\n<meta property=\"article:modified_time\" content=\"2026-03-26T20:51:24+00:00\" \/>\n<meta property=\"og:image\" content=\"https:\/\/www.journeesdelaculture.qc.ca\/wp-content\/uploads\/2025\/07\/JDLC2025_SiteWeb_Bandeau-entete_2860x1609-scaled.jpg\" \/>\n\t<meta property=\"og:image:width\" content=\"2560\" \/>\n\t<meta property=\"og:image:height\" content=\"1440\" \/>\n\t<meta property=\"og:image:type\" content=\"image\/jpeg\" \/>\n<meta name=\"twitter:card\" content=\"summary_large_image\" \/>\n<meta name=\"twitter:site\" content=\"@les_journees\" \/>\n<meta name=\"twitter:label1\" content=\"Est. reading time\" \/>\n\t<meta name=\"twitter:data1\" content=\"2 minutes\" \/>\n<script type=\"application\/ld+json\" class=\"yoast-schema-graph\">{\"@context\":\"https:\/\/schema.org\",\"@graph\":[{\"@type\":\"WebPage\",\"@id\":\"https:\/\/www.journeesdelaculture.qc.ca\/en\/jaime-les-mots-presentation\",\"url\":\"https:\/\/www.journeesdelaculture.qc.ca\/en\/jaime-les-mots-presentation\",\"name\":\"J'aime les mots \u2014 Presentation - Journ\u00e9es de la culture\",\"isPartOf\":{\"@id\":\"https:\/\/www.journeesdelaculture.qc.ca\/#website\"},\"datePublished\":\"2022-05-20T17:43:18+00:00\",\"dateModified\":\"2026-03-26T20:51:24+00:00\",\"breadcrumb\":{\"@id\":\"https:\/\/www.journeesdelaculture.qc.ca\/en\/jaime-les-mots-presentation#breadcrumb\"},\"inLanguage\":\"en-US\",\"potentialAction\":[{\"@type\":\"ReadAction\",\"target\":[\"https:\/\/www.journeesdelaculture.qc.ca\/en\/jaime-les-mots-presentation\"]}]},{\"@type\":\"BreadcrumbList\",\"@id\":\"https:\/\/www.journeesdelaculture.qc.ca\/en\/jaime-les-mots-presentation#breadcrumb\",\"itemListElement\":[{\"@type\":\"ListItem\",\"position\":1,\"name\":\"Home\",\"item\":\"https:\/\/www.journeesdelaculture.qc.ca\/en\"},{\"@type\":\"ListItem\",\"position\":2,\"name\":\"J&rsquo;aime les mots \u2014 Presentation\"}]},{\"@type\":\"WebSite\",\"@id\":\"https:\/\/www.journeesdelaculture.qc.ca\/#website\",\"url\":\"https:\/\/www.journeesdelaculture.qc.ca\/\",\"name\":\"Journ\u00e9es de la culture\",\"description\":\"\",\"publisher\":{\"@id\":\"https:\/\/www.journeesdelaculture.qc.ca\/#organization\"},\"potentialAction\":[{\"@type\":\"SearchAction\",\"target\":{\"@type\":\"EntryPoint\",\"urlTemplate\":\"https:\/\/www.journeesdelaculture.qc.ca\/?s={search_term_string}\"},\"query-input\":{\"@type\":\"PropertyValueSpecification\",\"valueRequired\":true,\"valueName\":\"search_term_string\"}}],\"inLanguage\":\"en-US\"},{\"@type\":\"Organization\",\"@id\":\"https:\/\/www.journeesdelaculture.qc.ca\/#organization\",\"name\":\"Culture pour tous\",\"url\":\"https:\/\/www.journeesdelaculture.qc.ca\/\",\"logo\":{\"@type\":\"ImageObject\",\"inLanguage\":\"en-US\",\"@id\":\"https:\/\/www.journeesdelaculture.qc.ca\/#\/schema\/logo\/image\/\",\"url\":\"https:\/\/www.journeesdelaculture.qc.ca\/wp-content\/uploads\/2024\/06\/CPT_journeesdelaculture_RGB.png\",\"contentUrl\":\"https:\/\/www.journeesdelaculture.qc.ca\/wp-content\/uploads\/2024\/06\/CPT_journeesdelaculture_RGB.png\",\"width\":3041,\"height\":980,\"caption\":\"Culture pour tous\"},\"image\":{\"@id\":\"https:\/\/www.journeesdelaculture.qc.ca\/#\/schema\/logo\/image\/\"},\"sameAs\":[\"https:\/\/www.facebook.com\/journeesdelaculture\/\",\"https:\/\/x.com\/les_journees\",\"https:\/\/www.instagram.com\/les_journees\/\"]}]}<\/script>\n<!-- \/ Yoast SEO plugin. -->","yoast_head_json":{"title":"J'aime les mots \u2014 Presentation - Journ\u00e9es de la culture","robots":{"index":"index","follow":"follow","max-snippet":"max-snippet:-1","max-image-preview":"max-image-preview:large","max-video-preview":"max-video-preview:-1"},"canonical":"https:\/\/www.journeesdelaculture.qc.ca\/en\/jaime-les-mots-presentation","og_locale":"en_US","og_type":"article","og_title":"J'aime les mots \u2014 Presentation - Journ\u00e9es de la culture","og_description":"&#8220;J&#8217;aime les mots&#8221; is a free turnkey activity offered to teachers in Quebec and the French-speaking world as part of the school program of the Journ\u00e9es de la culture. Whether in French, history, art, drama or even science classes, students can create memes to express themselves on major social issues or react to current events....","og_url":"https:\/\/www.journeesdelaculture.qc.ca\/en\/jaime-les-mots-presentation","og_site_name":"Journ\u00e9es de la culture","article_publisher":"https:\/\/www.facebook.com\/journeesdelaculture\/","article_modified_time":"2026-03-26T20:51:24+00:00","og_image":[{"width":2560,"height":1440,"url":"https:\/\/www.journeesdelaculture.qc.ca\/wp-content\/uploads\/2025\/07\/JDLC2025_SiteWeb_Bandeau-entete_2860x1609-scaled.jpg","type":"image\/jpeg"}],"twitter_card":"summary_large_image","twitter_site":"@les_journees","twitter_misc":{"Est. reading time":"2 minutes"},"schema":{"@context":"https:\/\/schema.org","@graph":[{"@type":"WebPage","@id":"https:\/\/www.journeesdelaculture.qc.ca\/en\/jaime-les-mots-presentation","url":"https:\/\/www.journeesdelaculture.qc.ca\/en\/jaime-les-mots-presentation","name":"J'aime les mots \u2014 Presentation - Journ\u00e9es de la culture","isPartOf":{"@id":"https:\/\/www.journeesdelaculture.qc.ca\/#website"},"datePublished":"2022-05-20T17:43:18+00:00","dateModified":"2026-03-26T20:51:24+00:00","breadcrumb":{"@id":"https:\/\/www.journeesdelaculture.qc.ca\/en\/jaime-les-mots-presentation#breadcrumb"},"inLanguage":"en-US","potentialAction":[{"@type":"ReadAction","target":["https:\/\/www.journeesdelaculture.qc.ca\/en\/jaime-les-mots-presentation"]}]},{"@type":"BreadcrumbList","@id":"https:\/\/www.journeesdelaculture.qc.ca\/en\/jaime-les-mots-presentation#breadcrumb","itemListElement":[{"@type":"ListItem","position":1,"name":"Home","item":"https:\/\/www.journeesdelaculture.qc.ca\/en"},{"@type":"ListItem","position":2,"name":"J&rsquo;aime les mots \u2014 Presentation"}]},{"@type":"WebSite","@id":"https:\/\/www.journeesdelaculture.qc.ca\/#website","url":"https:\/\/www.journeesdelaculture.qc.ca\/","name":"Journ\u00e9es de la culture","description":"","publisher":{"@id":"https:\/\/www.journeesdelaculture.qc.ca\/#organization"},"potentialAction":[{"@type":"SearchAction","target":{"@type":"EntryPoint","urlTemplate":"https:\/\/www.journeesdelaculture.qc.ca\/?s={search_term_string}"},"query-input":{"@type":"PropertyValueSpecification","valueRequired":true,"valueName":"search_term_string"}}],"inLanguage":"en-US"},{"@type":"Organization","@id":"https:\/\/www.journeesdelaculture.qc.ca\/#organization","name":"Culture pour tous","url":"https:\/\/www.journeesdelaculture.qc.ca\/","logo":{"@type":"ImageObject","inLanguage":"en-US","@id":"https:\/\/www.journeesdelaculture.qc.ca\/#\/schema\/logo\/image\/","url":"https:\/\/www.journeesdelaculture.qc.ca\/wp-content\/uploads\/2024\/06\/CPT_journeesdelaculture_RGB.png","contentUrl":"https:\/\/www.journeesdelaculture.qc.ca\/wp-content\/uploads\/2024\/06\/CPT_journeesdelaculture_RGB.png","width":3041,"height":980,"caption":"Culture pour tous"},"image":{"@id":"https:\/\/www.journeesdelaculture.qc.ca\/#\/schema\/logo\/image\/"},"sameAs":["https:\/\/www.facebook.com\/journeesdelaculture\/","https:\/\/x.com\/les_journees","https:\/\/www.instagram.com\/les_journees\/"]}]}},"_links":{"self":[{"href":"https:\/\/www.journeesdelaculture.qc.ca\/en\/wp-json\/wp\/v2\/pages\/68632","targetHints":{"allow":["GET"]}}],"collection":[{"href":"https:\/\/www.journeesdelaculture.qc.ca\/en\/wp-json\/wp\/v2\/pages"}],"about":[{"href":"https:\/\/www.journeesdelaculture.qc.ca\/en\/wp-json\/wp\/v2\/types\/page"}],"author":[{"embeddable":true,"href":"https:\/\/www.journeesdelaculture.qc.ca\/en\/wp-json\/wp\/v2\/users\/7"}],"replies":[{"embeddable":true,"href":"https:\/\/www.journeesdelaculture.qc.ca\/en\/wp-json\/wp\/v2\/comments?post=68632"}],"version-history":[{"count":13,"href":"https:\/\/www.journeesdelaculture.qc.ca\/en\/wp-json\/wp\/v2\/pages\/68632\/revisions"}],"predecessor-version":[{"id":130335,"href":"https:\/\/www.journeesdelaculture.qc.ca\/en\/wp-json\/wp\/v2\/pages\/68632\/revisions\/130335"}],"wp:attachment":[{"href":"https:\/\/www.journeesdelaculture.qc.ca\/en\/wp-json\/wp\/v2\/media?parent=68632"}],"curies":[{"name":"wp","href":"https:\/\/api.w.org\/{rel}","templated":true}]}}