{"id":2978,"date":"2018-08-03T12:13:04","date_gmt":"2018-08-03T16:13:04","guid":{"rendered":"https:\/\/www.journeesdelaculture.qc.ca\/?page_id=2978"},"modified":"2021-07-13T10:38:37","modified_gmt":"2021-07-13T14:38:37","slug":"jaime-les-mots","status":"publish","type":"page","link":"https:\/\/www.journeesdelaculture.qc.ca\/en\/jaime-les-mots","title":{"rendered":"J&#8217;aime les mots"},"content":{"rendered":"<h2>I like memes, I like words!<\/h2>\n<p>As part of the school component of the Journ\u00e9es de la culture, high school teachers are invited to register their classes for the 4th edition of J\u2019aime les mots, an entertaining out-of-the-box activity sponsored this year by actor, writer and director <strong>Guillaume Lambert<\/strong>! After its launch on September 24, the activity will continue until <strong>Friday, October 29<\/strong>, when Guillaume will spend a few hours providing live feedback on the students\u2019 creations.<\/p>\n<p><em>J\u2019aime les mots<\/em> fits easily into the content of various subjects. Have your students create memes to express their opinions on major issues in our society or respond to current news items in their French, history, art, theatre, mathematics, ethics and religious culture, or other classes.<\/p>\n<h3><strong>Guillaume Lambert, activity sponsor<\/strong><\/h3>\n<h3><strong><a href=\"https:\/\/www.journeesdelaculture.qc.ca\/wp-content\/uploads\/2021\/06\/Guillaume_Lambert_Justine_Latour.png\"><img loading=\"lazy\" decoding=\"async\" class=\"alignnone wp-image-62054\" src=\"https:\/\/www.journeesdelaculture.qc.ca\/wp-content\/uploads\/2021\/06\/Guillaume_Lambert_Justine_Latour.png\" alt=\"\" width=\"445\" height=\"445\" \/><\/a><br \/>\n<\/strong><\/h3>\n<p>Photo: Justine Latour<\/p>\n<h3>Banks containing a vast array of striking images<\/h3>\n<p>All modes of discourse\u2014humour, poetry, philosophical reflection, irony, etc.\u2014 are permitted, as long as you use the banks of images astutely selected by the partner institutions!<\/p>\n<p>Archives will be made available to young people by the <a href=\"https:\/\/education.banq.qc.ca\/\">Biblioth\u00e8que et Archives nationales du Qu\u00e9bec<\/a> <strong>(BAnQ)<\/strong>, the <a href=\"https:\/\/collections.mcq.org\/\">Mus\u00e9e de la civilisation <\/a><strong>(MCQ),<\/strong> the <a href=\"https:\/\/collections.mnbaq.org\/fr\/\">Mus\u00e9e national des beaux-arts du Qu\u00e9bec\u00a0<\/a><strong>(MNBAQ)<\/strong> and the <a href=\"https:\/\/museepop.ca\/\">Mus\u00e9e POP<\/a>. Other cultural partners may confirm their participation in the project during the summer. Stay tuned!<\/p>\n<p>Toss SpongeBob in the waste bin! With vivid and meaningful images, the possibilities are endless. Here are a few examples:<\/p>\n<p><a href=\"https:\/\/www.journeesdelaculture.qc.ca\/wp-content\/uploads\/2021\/06\/1.png\"><img loading=\"lazy\" decoding=\"async\" class=\"alignnone wp-image-62102\" src=\"https:\/\/www.journeesdelaculture.qc.ca\/wp-content\/uploads\/2021\/06\/1.png\" alt=\"\" width=\"456\" height=\"456\" \/><\/a><\/p>\n<p><a href=\"https:\/\/www.journeesdelaculture.qc.ca\/wp-content\/uploads\/2021\/06\/2.png\"><img loading=\"lazy\" decoding=\"async\" class=\"alignnone wp-image-62104\" src=\"https:\/\/www.journeesdelaculture.qc.ca\/wp-content\/uploads\/2021\/06\/2.png\" alt=\"\" width=\"458\" height=\"458\" \/><\/a><\/p>\n<p>*Please note that since our tools are only available in French, these examples were not translated to English.<\/p>\n<h3><strong>Registration<\/strong><\/h3>\n<p><strong>To register your class for <em>J\u2019aime les mots<\/em><\/strong>, click the link below and fill out the form. You will automatically receive instructional tools and news about the activity as soon as they get posted on online.<\/p>\n<p><a class=\"button button--black\" href=\"https:\/\/www.journeesdelaculture.qc.ca\/jaime-les-mots-2021-inscription\" target=\"_blank\" rel=\"noopener\">REGISTER YOUR CLASS<\/a><\/p>\n<p>&nbsp;<\/p>\n<hr \/>\n<div class=\"block block--important\">\n<h3 class=\"h2\">Thank you!<\/h3>\n<p><em>J\u2019aime les mots<\/em> is produced by <a href=\"https:\/\/www.culturepourtous.ca\/\">Culture pour tous<\/a> with the support of the <a href=\"https:\/\/www.journeesdelaculture.qc.ca\/partenaires\/liste-des-partenaires\">Quebec government<\/a>, the <a href=\"https:\/\/www.journeesdelaculture.qc.ca\/partenaires\/liste-des-partenaires\">Centrale des syndicats du Qu\u00e9bec<\/a> and our content partners: <a href=\"https:\/\/education.banq.qc.ca\/jaime-les-mots\/\">Biblioth\u00e8que et Archives nationales du Qu\u00e9bec<\/a>, <a href=\"https:\/\/collections.mcq.org\/projets\/jaime-les-mots\">Mus\u00e9e de la civilisation<\/a>, <a href=\"https:\/\/collections.mnbaq.org\/fr\/album\/847\">Mus\u00e9e national des beaux-arts du Qu\u00e9bec<\/a> and <a href=\"https:\/\/museepop.ca\/\">Mus\u00e9e POP<\/a>.<\/p>\n<p>We would also like to thank our outreach partners: <strong>Association canadienne d\u2019\u00e9ducation de langue fran\u00e7aise (ACELF), Association des \u00e9ducatrices et \u00e9ducateurs sp\u00e9cialis\u00e9s en arts plastiques (AQ\u00c9SAP), Association qu\u00e9b\u00e9coise des professeurs de fran\u00e7ais (AQPF), Association Qu\u00e9b\u00e9coise des Utilisateurs d\u2019Outils technologiques \u00e0 des fins P\u00e9dagogiques et Sociales (AQUOPS), Canadian Teachers&#8217; Federation (CTF FCE), F\u00e9d\u00e9ration culturelle canadienne-fran\u00e7aise (FCCF), F\u00e9d\u00e9ration nationale des conseils scolaires francophones,<\/strong> and <strong>Le R\u00c9CIT \u2013 Culture \u00c9ducation.<\/strong><\/p>\n<\/div>\n","protected":false},"excerpt":{"rendered":"High school students are invited to participate in the 4th edition of J\u2019aime les mots, a meme creation activity sponsored this year by actor, writer and director Guillaume Lambert! After its launch on September 24, the activity will continue until Friday, October 29, when Guillaume will spend a few hours providing live feedback on the students\u2019 creations.","protected":false},"author":1,"featured_media":0,"parent":0,"menu_order":2,"comment_status":"closed","ping_status":"closed","template":"","meta":{"_acf_changed":false,"footnotes":""},"class_list":["post-2978","page","type-page","status-publish","hentry"],"acf":[],"yoast_head":"<!-- This site is optimized with the Yoast SEO plugin v24.2 - https:\/\/yoast.com\/wordpress\/plugins\/seo\/ -->\n<title>J&#039;aime les mots - Journ\u00e9es de la culture<\/title>\n<meta name=\"robots\" content=\"index, follow, max-snippet:-1, max-image-preview:large, max-video-preview:-1\" \/>\n<link rel=\"canonical\" href=\"https:\/\/www.journeesdelaculture.qc.ca\/en\/jaime-les-mots\" \/>\n<meta property=\"og:locale\" content=\"en_US\" \/>\n<meta property=\"og:type\" content=\"article\" \/>\n<meta property=\"og:title\" content=\"J&#039;aime les mots - Journ\u00e9es de la culture\" \/>\n<meta property=\"og:description\" content=\"High school students are invited to participate in the 4th edition of J\u2019aime les mots, a meme creation activity sponsored this year by actor, writer and director Guillaume Lambert! After its launch on September 24, the activity will continue until Friday, October 29, when Guillaume will spend a few hours providing live feedback on the students\u2019 creations.\" \/>\n<meta property=\"og:url\" content=\"https:\/\/www.journeesdelaculture.qc.ca\/en\/jaime-les-mots\" \/>\n<meta property=\"og:site_name\" content=\"Journ\u00e9es de la culture\" \/>\n<meta property=\"article:publisher\" content=\"https:\/\/www.facebook.com\/journeesdelaculture\/\" \/>\n<meta property=\"article:modified_time\" content=\"2021-07-13T14:38:37+00:00\" \/>\n<meta property=\"og:image\" content=\"https:\/\/www.journeesdelaculture.qc.ca\/wp-content\/uploads\/2021\/05\/11097_JDLC2020_WEB_Bandeaux_2860x1609px_photographe.jpg\" \/>\n\t<meta property=\"og:image:width\" content=\"2860\" \/>\n\t<meta property=\"og:image:height\" content=\"1609\" \/>\n\t<meta property=\"og:image:type\" content=\"image\/jpeg\" \/>\n<meta name=\"twitter:card\" content=\"summary_large_image\" \/>\n<meta name=\"twitter:site\" content=\"@les_journees\" \/>\n<meta name=\"twitter:label1\" content=\"Est. reading time\" \/>\n\t<meta name=\"twitter:data1\" content=\"2 minutes\" \/>\n<script type=\"application\/ld+json\" class=\"yoast-schema-graph\">{\"@context\":\"https:\/\/schema.org\",\"@graph\":[{\"@type\":\"WebPage\",\"@id\":\"https:\/\/www.journeesdelaculture.qc.ca\/en\/jaime-les-mots\",\"url\":\"https:\/\/www.journeesdelaculture.qc.ca\/en\/jaime-les-mots\",\"name\":\"J'aime les mots - Journ\u00e9es de la culture\",\"isPartOf\":{\"@id\":\"https:\/\/www.journeesdelaculture.qc.ca\/#website\"},\"primaryImageOfPage\":{\"@id\":\"https:\/\/www.journeesdelaculture.qc.ca\/en\/jaime-les-mots#primaryimage\"},\"image\":{\"@id\":\"https:\/\/www.journeesdelaculture.qc.ca\/en\/jaime-les-mots#primaryimage\"},\"thumbnailUrl\":\"https:\/\/www.journeesdelaculture.qc.ca\/wp-content\/uploads\/2021\/06\/Guillaume_Lambert_Justine_Latour.png\",\"datePublished\":\"2018-08-03T16:13:04+00:00\",\"dateModified\":\"2021-07-13T14:38:37+00:00\",\"breadcrumb\":{\"@id\":\"https:\/\/www.journeesdelaculture.qc.ca\/en\/jaime-les-mots#breadcrumb\"},\"inLanguage\":\"en-US\",\"potentialAction\":[{\"@type\":\"ReadAction\",\"target\":[\"https:\/\/www.journeesdelaculture.qc.ca\/en\/jaime-les-mots\"]}]},{\"@type\":\"ImageObject\",\"inLanguage\":\"en-US\",\"@id\":\"https:\/\/www.journeesdelaculture.qc.ca\/en\/jaime-les-mots#primaryimage\",\"url\":\"https:\/\/www.journeesdelaculture.qc.ca\/wp-content\/uploads\/2021\/06\/Guillaume_Lambert_Justine_Latour.png\",\"contentUrl\":\"https:\/\/www.journeesdelaculture.qc.ca\/wp-content\/uploads\/2021\/06\/Guillaume_Lambert_Justine_Latour.png\"},{\"@type\":\"BreadcrumbList\",\"@id\":\"https:\/\/www.journeesdelaculture.qc.ca\/en\/jaime-les-mots#breadcrumb\",\"itemListElement\":[{\"@type\":\"ListItem\",\"position\":1,\"name\":\"Home\",\"item\":\"https:\/\/www.journeesdelaculture.qc.ca\/en\"},{\"@type\":\"ListItem\",\"position\":2,\"name\":\"J&#8217;aime les mots\"}]},{\"@type\":\"WebSite\",\"@id\":\"https:\/\/www.journeesdelaculture.qc.ca\/#website\",\"url\":\"https:\/\/www.journeesdelaculture.qc.ca\/\",\"name\":\"Journ\u00e9es de la culture\",\"description\":\"\",\"publisher\":{\"@id\":\"https:\/\/www.journeesdelaculture.qc.ca\/#organization\"},\"potentialAction\":[{\"@type\":\"SearchAction\",\"target\":{\"@type\":\"EntryPoint\",\"urlTemplate\":\"https:\/\/www.journeesdelaculture.qc.ca\/?s={search_term_string}\"},\"query-input\":{\"@type\":\"PropertyValueSpecification\",\"valueRequired\":true,\"valueName\":\"search_term_string\"}}],\"inLanguage\":\"en-US\"},{\"@type\":\"Organization\",\"@id\":\"https:\/\/www.journeesdelaculture.qc.ca\/#organization\",\"name\":\"Culture pour tous\",\"url\":\"https:\/\/www.journeesdelaculture.qc.ca\/\",\"logo\":{\"@type\":\"ImageObject\",\"inLanguage\":\"en-US\",\"@id\":\"https:\/\/www.journeesdelaculture.qc.ca\/#\/schema\/logo\/image\/\",\"url\":\"https:\/\/www.journeesdelaculture.qc.ca\/wp-content\/uploads\/2024\/06\/CPT_journeesdelaculture_RGB.png\",\"contentUrl\":\"https:\/\/www.journeesdelaculture.qc.ca\/wp-content\/uploads\/2024\/06\/CPT_journeesdelaculture_RGB.png\",\"width\":3041,\"height\":980,\"caption\":\"Culture pour tous\"},\"image\":{\"@id\":\"https:\/\/www.journeesdelaculture.qc.ca\/#\/schema\/logo\/image\/\"},\"sameAs\":[\"https:\/\/www.facebook.com\/journeesdelaculture\/\",\"https:\/\/x.com\/les_journees\",\"https:\/\/www.instagram.com\/les_journees\/\"]}]}<\/script>\n<!-- \/ Yoast SEO plugin. -->","yoast_head_json":{"title":"J'aime les mots - Journ\u00e9es de la culture","robots":{"index":"index","follow":"follow","max-snippet":"max-snippet:-1","max-image-preview":"max-image-preview:large","max-video-preview":"max-video-preview:-1"},"canonical":"https:\/\/www.journeesdelaculture.qc.ca\/en\/jaime-les-mots","og_locale":"en_US","og_type":"article","og_title":"J'aime les mots - Journ\u00e9es de la culture","og_description":"High school students are invited to participate in the 4th edition of J\u2019aime les mots, a meme creation activity sponsored this year by actor, writer and director Guillaume Lambert! After its launch on September 24, the activity will continue until Friday, October 29, when Guillaume will spend a few hours providing live feedback on the students\u2019 creations.","og_url":"https:\/\/www.journeesdelaculture.qc.ca\/en\/jaime-les-mots","og_site_name":"Journ\u00e9es de la culture","article_publisher":"https:\/\/www.facebook.com\/journeesdelaculture\/","article_modified_time":"2021-07-13T14:38:37+00:00","og_image":[{"width":2860,"height":1609,"url":"https:\/\/www.journeesdelaculture.qc.ca\/wp-content\/uploads\/2021\/05\/11097_JDLC2020_WEB_Bandeaux_2860x1609px_photographe.jpg","type":"image\/jpeg"}],"twitter_card":"summary_large_image","twitter_site":"@les_journees","twitter_misc":{"Est. reading time":"2 minutes"},"schema":{"@context":"https:\/\/schema.org","@graph":[{"@type":"WebPage","@id":"https:\/\/www.journeesdelaculture.qc.ca\/en\/jaime-les-mots","url":"https:\/\/www.journeesdelaculture.qc.ca\/en\/jaime-les-mots","name":"J'aime les mots - Journ\u00e9es de la culture","isPartOf":{"@id":"https:\/\/www.journeesdelaculture.qc.ca\/#website"},"primaryImageOfPage":{"@id":"https:\/\/www.journeesdelaculture.qc.ca\/en\/jaime-les-mots#primaryimage"},"image":{"@id":"https:\/\/www.journeesdelaculture.qc.ca\/en\/jaime-les-mots#primaryimage"},"thumbnailUrl":"https:\/\/www.journeesdelaculture.qc.ca\/wp-content\/uploads\/2021\/06\/Guillaume_Lambert_Justine_Latour.png","datePublished":"2018-08-03T16:13:04+00:00","dateModified":"2021-07-13T14:38:37+00:00","breadcrumb":{"@id":"https:\/\/www.journeesdelaculture.qc.ca\/en\/jaime-les-mots#breadcrumb"},"inLanguage":"en-US","potentialAction":[{"@type":"ReadAction","target":["https:\/\/www.journeesdelaculture.qc.ca\/en\/jaime-les-mots"]}]},{"@type":"ImageObject","inLanguage":"en-US","@id":"https:\/\/www.journeesdelaculture.qc.ca\/en\/jaime-les-mots#primaryimage","url":"https:\/\/www.journeesdelaculture.qc.ca\/wp-content\/uploads\/2021\/06\/Guillaume_Lambert_Justine_Latour.png","contentUrl":"https:\/\/www.journeesdelaculture.qc.ca\/wp-content\/uploads\/2021\/06\/Guillaume_Lambert_Justine_Latour.png"},{"@type":"BreadcrumbList","@id":"https:\/\/www.journeesdelaculture.qc.ca\/en\/jaime-les-mots#breadcrumb","itemListElement":[{"@type":"ListItem","position":1,"name":"Home","item":"https:\/\/www.journeesdelaculture.qc.ca\/en"},{"@type":"ListItem","position":2,"name":"J&#8217;aime les mots"}]},{"@type":"WebSite","@id":"https:\/\/www.journeesdelaculture.qc.ca\/#website","url":"https:\/\/www.journeesdelaculture.qc.ca\/","name":"Journ\u00e9es de la culture","description":"","publisher":{"@id":"https:\/\/www.journeesdelaculture.qc.ca\/#organization"},"potentialAction":[{"@type":"SearchAction","target":{"@type":"EntryPoint","urlTemplate":"https:\/\/www.journeesdelaculture.qc.ca\/?s={search_term_string}"},"query-input":{"@type":"PropertyValueSpecification","valueRequired":true,"valueName":"search_term_string"}}],"inLanguage":"en-US"},{"@type":"Organization","@id":"https:\/\/www.journeesdelaculture.qc.ca\/#organization","name":"Culture pour tous","url":"https:\/\/www.journeesdelaculture.qc.ca\/","logo":{"@type":"ImageObject","inLanguage":"en-US","@id":"https:\/\/www.journeesdelaculture.qc.ca\/#\/schema\/logo\/image\/","url":"https:\/\/www.journeesdelaculture.qc.ca\/wp-content\/uploads\/2024\/06\/CPT_journeesdelaculture_RGB.png","contentUrl":"https:\/\/www.journeesdelaculture.qc.ca\/wp-content\/uploads\/2024\/06\/CPT_journeesdelaculture_RGB.png","width":3041,"height":980,"caption":"Culture pour tous"},"image":{"@id":"https:\/\/www.journeesdelaculture.qc.ca\/#\/schema\/logo\/image\/"},"sameAs":["https:\/\/www.facebook.com\/journeesdelaculture\/","https:\/\/x.com\/les_journees","https:\/\/www.instagram.com\/les_journees\/"]}]}},"_links":{"self":[{"href":"https:\/\/www.journeesdelaculture.qc.ca\/en\/wp-json\/wp\/v2\/pages\/2978","targetHints":{"allow":["GET"]}}],"collection":[{"href":"https:\/\/www.journeesdelaculture.qc.ca\/en\/wp-json\/wp\/v2\/pages"}],"about":[{"href":"https:\/\/www.journeesdelaculture.qc.ca\/en\/wp-json\/wp\/v2\/types\/page"}],"author":[{"embeddable":true,"href":"https:\/\/www.journeesdelaculture.qc.ca\/en\/wp-json\/wp\/v2\/users\/1"}],"replies":[{"embeddable":true,"href":"https:\/\/www.journeesdelaculture.qc.ca\/en\/wp-json\/wp\/v2\/comments?post=2978"}],"version-history":[{"count":34,"href":"https:\/\/www.journeesdelaculture.qc.ca\/en\/wp-json\/wp\/v2\/pages\/2978\/revisions"}],"predecessor-version":[{"id":69201,"href":"https:\/\/www.journeesdelaculture.qc.ca\/en\/wp-json\/wp\/v2\/pages\/2978\/revisions\/69201"}],"wp:attachment":[{"href":"https:\/\/www.journeesdelaculture.qc.ca\/en\/wp-json\/wp\/v2\/media?parent=2978"}],"curies":[{"name":"wp","href":"https:\/\/api.w.org\/{rel}","templated":true}]}}