{"id":130250,"date":"2026-04-02T14:12:56","date_gmt":"2026-04-02T18:12:56","guid":{"rendered":"https:\/\/www.journeesdelaculture.qc.ca\/?page_id=130250"},"modified":"2026-04-10T10:08:50","modified_gmt":"2026-04-10T14:08:50","slug":"une-chanson-a-lecole-2026","status":"publish","type":"page","link":"https:\/\/www.journeesdelaculture.qc.ca\/en\/une-chanson-a-lecole-2026","title":{"rendered":"Une chanson \u00e0 l\u2019\u00e9cole \u2014 2026"},"content":{"rendered":"\n<p><strong>On Friday September 25th, 2026,*<\/strong> hundreds of thousands of students from Quebec and French-speaking Canada will kick off the 30<sup>th<\/sup> <em>Journ\u00e9es de la culture<\/em> by performing <strong>\u201cFaut que tu dises WOW\u202f!\u201d,<\/strong> an original composition proposed by <strong>Bleu Jeans Bleu<\/strong> and the <strong><a href=\"https:\/\/www.osm.ca\/en\/education\/\" target=\"_blank\" rel=\"noreferrer noopener\">Orchestre symphonique de Montr\u00e9al<\/a>,<\/strong> conducted by <strong>Rafael Payare.<\/strong><\/p>\n\n\n\n<p>Discover the video for the song \u201cFaut que tu dises WOW\u202f!\u201d, produced by <strong>FAB T\u00e9l\u00e9-Qu\u00e9bec<\/strong> in the fabulous setting of the <strong>Maison symphonique de Montr\u00e9al.<\/strong><\/p>\n\n\n\n<p><strong><a href=\"https:\/\/www.journeesdelaculture.qc.ca\/une-chanson-a-lecole-2026-inscription\">Register now<\/a><\/strong> to join the fun!<\/p>\n\n\n\n<p>On registration, you will receive by return e-mail the access path to the tools page containing everything you need (mp3, sheet music, etc.) to make the activity a success! <strong>If you don\u2019t receive this message:<\/strong> look for it in your spam folder and identify it as a legitimate e-mail with the <em>Never block sender<\/em> option.<\/p>\n\n\n\n<p><strong>*This date is suggested but not mandatory.<\/strong> Celebrate when it\u2019s convenient for you!<\/p>\n\n\n\n<figure class=\"wp-block-image size-large\"><img loading=\"lazy\" decoding=\"async\" width=\"700\" height=\"558\" src=\"https:\/\/www.journeesdelaculture.qc.ca\/wp-content\/uploads\/2026\/04\/BJB-photo-2_Credit_Ulric-Colette-scaled-1-700x558.jpg\" alt=\"Bleu Jeans Bleu\" class=\"wp-image-130383\" srcset=\"https:\/\/www.journeesdelaculture.qc.ca\/wp-content\/uploads\/2026\/04\/BJB-photo-2_Credit_Ulric-Colette-scaled-1-700x558.jpg 700w, https:\/\/www.journeesdelaculture.qc.ca\/wp-content\/uploads\/2026\/04\/BJB-photo-2_Credit_Ulric-Colette-scaled-1-250x199.jpg 250w, https:\/\/www.journeesdelaculture.qc.ca\/wp-content\/uploads\/2026\/04\/BJB-photo-2_Credit_Ulric-Colette-scaled-1-768x613.jpg 768w, https:\/\/www.journeesdelaculture.qc.ca\/wp-content\/uploads\/2026\/04\/BJB-photo-2_Credit_Ulric-Colette-scaled-1-1536x1225.jpg 1536w, https:\/\/www.journeesdelaculture.qc.ca\/wp-content\/uploads\/2026\/04\/BJB-photo-2_Credit_Ulric-Colette-scaled-1-2048x1634.jpg 2048w, https:\/\/www.journeesdelaculture.qc.ca\/wp-content\/uploads\/2026\/04\/BJB-photo-2_Credit_Ulric-Colette-scaled-1-1600x1276.jpg 1600w, https:\/\/www.journeesdelaculture.qc.ca\/wp-content\/uploads\/2026\/04\/BJB-photo-2_Credit_Ulric-Colette-scaled-1-400x319.jpg 400w\" sizes=\"auto, (max-width: 700px) 100vw, 700px\" \/><figcaption class=\"wp-element-caption\"><em>Photo: Ulric Colette<\/em><\/figcaption><\/figure>\n\n\n\n<h3 class=\"wp-block-heading\">\u201cFaut que tu dises WOW\u202f!\u201d it\u2019s a song\u2026<\/h3>\n\n\n\n<ul class=\"wp-block-list\">\n<li>\u2026 easy to learn, in less than 4 weeks;<\/li>\n\n\n\n<li>\u2026 to be performed as you wish: on the sung or instrumental version, a cappella, on Orff instruments, ukulele or with the full orchestra!<\/li>\n\n\n\n<li>\u2026 with original choreography by PPS Danse;<\/li>\n\n\n\n<li>\u2026 accompanied by multiple scores and a complete pedagogical guide, full of ideas for classroom activities, in September and throughout the year!<\/li>\n<\/ul>\n\n\n\n<p><strong><a href=\"https:\/\/www.journeesdelaculture.qc.ca\/une-chanson-a-lecole-2026-inscription\">REGISTER MY SCHOOL<\/a><\/strong><\/p>\n\n\n\n<h3 class=\"wp-block-heading\">Thank you<\/h3>\n\n\n\n<p><strong>&#8220;Une chanson \u00e0 l\u2019\u00e9cole&#8221;<\/strong> is produced by <a href=\"https:\/\/www.culturepourtous.ca\/en\/\" target=\"_blank\" rel=\"noreferrer noopener\">Culture pour tous<\/a> thanks to the support of <a href=\"https:\/\/www.mcc.gouv.qc.ca\/\" target=\"_blank\" rel=\"noreferrer noopener\">minist\u00e8re de la Culture et des Communications<\/a><strong>,<\/strong> in partnership with the <a href=\"https:\/\/www.lacsq.org\/\" target=\"_blank\" rel=\"noreferrer noopener\">Centrale des syndicats du Qu\u00e9bec (CSQ)<\/a> and in collaboration with l\u2019<a href=\"https:\/\/www.osm.ca\/en\/\" target=\"_blank\" rel=\"noreferrer noopener\">Orchestre symphonique de Montr\u00e9al<\/a> and <a href=\"https:\/\/telequebec.tv\/section\/fab\" target=\"_blank\" rel=\"noreferrer noopener\">FAB T\u00e9l\u00e9-Qu\u00e9bec<\/a><strong>.<\/strong><\/p>\n\n\n\n<p><strong>Distribution partners 2026: <\/strong><a href=\"https:\/\/www.chorales.ca\/\" target=\"_blank\" rel=\"noreferrer noopener\">Alliance chorale du Qu\u00e9bec<\/a>, <a href=\"https:\/\/acelf.ca\/ressources\/lio\/\" target=\"_blank\" rel=\"noreferrer noopener\">ACELF \/ Projet Lio<\/a>, <a href=\"https:\/\/eer.qc.ca\/\" target=\"_blank\" rel=\"noreferrer noopener\">\u00c9cole en r\u00e9seau<\/a>,&nbsp;<a href=\"https:\/\/www.fameq.org\/\" target=\"_blank\" rel=\"noreferrer noopener\">F\u00e9d\u00e9ration des Associations de Musiciens \u00c9ducateurs du Qu\u00e9bec (FAMEQ)<\/a>, <a href=\"https:\/\/www.ctf-fce.ca\/\" target=\"_blank\" rel=\"noreferrer noopener\">Canadian Teachers&#8217; Federation (CTF-FCE)<\/a>, <a href=\"https:\/\/fccf.ca\/\" target=\"_blank\" rel=\"noreferrer noopener\">F\u00e9d\u00e9ration culturelle canadienne-fran\u00e7aise (FCCF)<\/a>,&nbsp;<a href=\"https:\/\/www.fhosq.org\/\" target=\"_blank\" rel=\"noreferrer noopener\">F\u00e9d\u00e9ration des harmonies et des orchestres symphoniques du Qu\u00e9bec (FHOSQ)<\/a>, <a href=\"https:\/\/fncsf.ca\/en\" target=\"_blank\" rel=\"noreferrer noopener\">F\u00e9d\u00e9ration nationale des conseils scolaires francophones (FNCSF)<\/a>, <a href=\"https:\/\/lesasdelinfo.com\/\" target=\"_blank\" rel=\"noreferrer noopener\">Les As de l\u2019info<\/a>.<\/p>\n","protected":false},"excerpt":{"rendered":"On Friday September 25th, 2026,* hundreds of thousands of students from Quebec and French-speaking Canada will kick off the 30th Journ\u00e9es de la culture by performing \u201cFaut que tu dises WOW\u202f!\u201d, an original composition proposed by Bleu Jeans Bleu and the Orchestre symphonique de Montr\u00e9al, conducted by Rafael Payare. Discover the video for the song&#8230;","protected":false},"author":7,"featured_media":0,"parent":0,"menu_order":0,"comment_status":"closed","ping_status":"closed","template":"","meta":{"_acf_changed":false,"footnotes":""},"class_list":["post-130250","page","type-page","status-publish","hentry"],"acf":[],"yoast_head":"<!-- This site is optimized with the Yoast SEO plugin v24.2 - https:\/\/yoast.com\/wordpress\/plugins\/seo\/ -->\n<title>Une chanson \u00e0 l\u2019\u00e9cole \u2014 2026 - Journ\u00e9es de la culture<\/title>\n<meta name=\"robots\" content=\"index, follow, max-snippet:-1, max-image-preview:large, max-video-preview:-1\" \/>\n<link rel=\"canonical\" href=\"https:\/\/www.journeesdelaculture.qc.ca\/en\/une-chanson-a-lecole-2026\" \/>\n<meta property=\"og:locale\" content=\"en_US\" \/>\n<meta property=\"og:type\" content=\"article\" \/>\n<meta property=\"og:title\" content=\"Une chanson \u00e0 l\u2019\u00e9cole \u2014 2026 - Journ\u00e9es de la culture\" \/>\n<meta property=\"og:description\" content=\"On Friday September 25th, 2026,* hundreds of thousands of students from Quebec and French-speaking Canada will kick off the 30th Journ\u00e9es de la culture by performing \u201cFaut que tu dises WOW\u202f!\u201d, an original composition proposed by Bleu Jeans Bleu and the Orchestre symphonique de Montr\u00e9al, conducted by Rafael Payare. Discover the video for the song...\" \/>\n<meta property=\"og:url\" content=\"https:\/\/www.journeesdelaculture.qc.ca\/en\/une-chanson-a-lecole-2026\" \/>\n<meta property=\"og:site_name\" content=\"Journ\u00e9es de la culture\" \/>\n<meta property=\"article:publisher\" content=\"https:\/\/www.facebook.com\/journeesdelaculture\/\" \/>\n<meta property=\"article:modified_time\" content=\"2026-04-10T14:08:50+00:00\" \/>\n<meta property=\"og:image\" content=\"https:\/\/www.journeesdelaculture.qc.ca\/wp-content\/uploads\/2026\/04\/BJB-photo-2_Credit_Ulric-Colette-scaled-1.jpg\" \/>\n\t<meta property=\"og:image:width\" content=\"2560\" \/>\n\t<meta property=\"og:image:height\" content=\"2042\" \/>\n\t<meta property=\"og:image:type\" content=\"image\/jpeg\" \/>\n<meta name=\"twitter:card\" content=\"summary_large_image\" \/>\n<meta name=\"twitter:site\" content=\"@les_journees\" \/>\n<meta name=\"twitter:label1\" content=\"Est. reading time\" \/>\n\t<meta name=\"twitter:data1\" content=\"2 minutes\" \/>\n<script type=\"application\/ld+json\" class=\"yoast-schema-graph\">{\"@context\":\"https:\/\/schema.org\",\"@graph\":[{\"@type\":\"WebPage\",\"@id\":\"https:\/\/www.journeesdelaculture.qc.ca\/en\/une-chanson-a-lecole-2026\",\"url\":\"https:\/\/www.journeesdelaculture.qc.ca\/en\/une-chanson-a-lecole-2026\",\"name\":\"Une chanson \u00e0 l\u2019\u00e9cole \u2014 2026 - Journ\u00e9es de la culture\",\"isPartOf\":{\"@id\":\"https:\/\/www.journeesdelaculture.qc.ca\/#website\"},\"primaryImageOfPage\":{\"@id\":\"https:\/\/www.journeesdelaculture.qc.ca\/en\/une-chanson-a-lecole-2026#primaryimage\"},\"image\":{\"@id\":\"https:\/\/www.journeesdelaculture.qc.ca\/en\/une-chanson-a-lecole-2026#primaryimage\"},\"thumbnailUrl\":\"https:\/\/www.journeesdelaculture.qc.ca\/wp-content\/uploads\/2026\/04\/BJB-photo-2_Credit_Ulric-Colette-scaled-1-700x558.jpg\",\"datePublished\":\"2026-04-02T18:12:56+00:00\",\"dateModified\":\"2026-04-10T14:08:50+00:00\",\"breadcrumb\":{\"@id\":\"https:\/\/www.journeesdelaculture.qc.ca\/en\/une-chanson-a-lecole-2026#breadcrumb\"},\"inLanguage\":\"en-US\",\"potentialAction\":[{\"@type\":\"ReadAction\",\"target\":[\"https:\/\/www.journeesdelaculture.qc.ca\/en\/une-chanson-a-lecole-2026\"]}]},{\"@type\":\"ImageObject\",\"inLanguage\":\"en-US\",\"@id\":\"https:\/\/www.journeesdelaculture.qc.ca\/en\/une-chanson-a-lecole-2026#primaryimage\",\"url\":\"https:\/\/www.journeesdelaculture.qc.ca\/wp-content\/uploads\/2026\/04\/BJB-photo-2_Credit_Ulric-Colette-scaled-1-700x558.jpg\",\"contentUrl\":\"https:\/\/www.journeesdelaculture.qc.ca\/wp-content\/uploads\/2026\/04\/BJB-photo-2_Credit_Ulric-Colette-scaled-1-700x558.jpg\"},{\"@type\":\"BreadcrumbList\",\"@id\":\"https:\/\/www.journeesdelaculture.qc.ca\/en\/une-chanson-a-lecole-2026#breadcrumb\",\"itemListElement\":[{\"@type\":\"ListItem\",\"position\":1,\"name\":\"Home\",\"item\":\"https:\/\/www.journeesdelaculture.qc.ca\/en\"},{\"@type\":\"ListItem\",\"position\":2,\"name\":\"Une chanson \u00e0 l\u2019\u00e9cole \u2014 2026\"}]},{\"@type\":\"WebSite\",\"@id\":\"https:\/\/www.journeesdelaculture.qc.ca\/#website\",\"url\":\"https:\/\/www.journeesdelaculture.qc.ca\/\",\"name\":\"Journ\u00e9es de la culture\",\"description\":\"\",\"publisher\":{\"@id\":\"https:\/\/www.journeesdelaculture.qc.ca\/#organization\"},\"potentialAction\":[{\"@type\":\"SearchAction\",\"target\":{\"@type\":\"EntryPoint\",\"urlTemplate\":\"https:\/\/www.journeesdelaculture.qc.ca\/?s={search_term_string}\"},\"query-input\":{\"@type\":\"PropertyValueSpecification\",\"valueRequired\":true,\"valueName\":\"search_term_string\"}}],\"inLanguage\":\"en-US\"},{\"@type\":\"Organization\",\"@id\":\"https:\/\/www.journeesdelaculture.qc.ca\/#organization\",\"name\":\"Culture pour tous\",\"url\":\"https:\/\/www.journeesdelaculture.qc.ca\/\",\"logo\":{\"@type\":\"ImageObject\",\"inLanguage\":\"en-US\",\"@id\":\"https:\/\/www.journeesdelaculture.qc.ca\/#\/schema\/logo\/image\/\",\"url\":\"https:\/\/www.journeesdelaculture.qc.ca\/wp-content\/uploads\/2024\/06\/CPT_journeesdelaculture_RGB.png\",\"contentUrl\":\"https:\/\/www.journeesdelaculture.qc.ca\/wp-content\/uploads\/2024\/06\/CPT_journeesdelaculture_RGB.png\",\"width\":3041,\"height\":980,\"caption\":\"Culture pour tous\"},\"image\":{\"@id\":\"https:\/\/www.journeesdelaculture.qc.ca\/#\/schema\/logo\/image\/\"},\"sameAs\":[\"https:\/\/www.facebook.com\/journeesdelaculture\/\",\"https:\/\/x.com\/les_journees\",\"https:\/\/www.instagram.com\/les_journees\/\"]}]}<\/script>\n<!-- \/ Yoast SEO plugin. -->","yoast_head_json":{"title":"Une chanson \u00e0 l\u2019\u00e9cole \u2014 2026 - Journ\u00e9es de la culture","robots":{"index":"index","follow":"follow","max-snippet":"max-snippet:-1","max-image-preview":"max-image-preview:large","max-video-preview":"max-video-preview:-1"},"canonical":"https:\/\/www.journeesdelaculture.qc.ca\/en\/une-chanson-a-lecole-2026","og_locale":"en_US","og_type":"article","og_title":"Une chanson \u00e0 l\u2019\u00e9cole \u2014 2026 - Journ\u00e9es de la culture","og_description":"On Friday September 25th, 2026,* hundreds of thousands of students from Quebec and French-speaking Canada will kick off the 30th Journ\u00e9es de la culture by performing \u201cFaut que tu dises WOW\u202f!\u201d, an original composition proposed by Bleu Jeans Bleu and the Orchestre symphonique de Montr\u00e9al, conducted by Rafael Payare. Discover the video for the song...","og_url":"https:\/\/www.journeesdelaculture.qc.ca\/en\/une-chanson-a-lecole-2026","og_site_name":"Journ\u00e9es de la culture","article_publisher":"https:\/\/www.facebook.com\/journeesdelaculture\/","article_modified_time":"2026-04-10T14:08:50+00:00","og_image":[{"width":2560,"height":2042,"url":"https:\/\/www.journeesdelaculture.qc.ca\/wp-content\/uploads\/2026\/04\/BJB-photo-2_Credit_Ulric-Colette-scaled-1.jpg","type":"image\/jpeg"}],"twitter_card":"summary_large_image","twitter_site":"@les_journees","twitter_misc":{"Est. reading time":"2 minutes"},"schema":{"@context":"https:\/\/schema.org","@graph":[{"@type":"WebPage","@id":"https:\/\/www.journeesdelaculture.qc.ca\/en\/une-chanson-a-lecole-2026","url":"https:\/\/www.journeesdelaculture.qc.ca\/en\/une-chanson-a-lecole-2026","name":"Une chanson \u00e0 l\u2019\u00e9cole \u2014 2026 - Journ\u00e9es de la culture","isPartOf":{"@id":"https:\/\/www.journeesdelaculture.qc.ca\/#website"},"primaryImageOfPage":{"@id":"https:\/\/www.journeesdelaculture.qc.ca\/en\/une-chanson-a-lecole-2026#primaryimage"},"image":{"@id":"https:\/\/www.journeesdelaculture.qc.ca\/en\/une-chanson-a-lecole-2026#primaryimage"},"thumbnailUrl":"https:\/\/www.journeesdelaculture.qc.ca\/wp-content\/uploads\/2026\/04\/BJB-photo-2_Credit_Ulric-Colette-scaled-1-700x558.jpg","datePublished":"2026-04-02T18:12:56+00:00","dateModified":"2026-04-10T14:08:50+00:00","breadcrumb":{"@id":"https:\/\/www.journeesdelaculture.qc.ca\/en\/une-chanson-a-lecole-2026#breadcrumb"},"inLanguage":"en-US","potentialAction":[{"@type":"ReadAction","target":["https:\/\/www.journeesdelaculture.qc.ca\/en\/une-chanson-a-lecole-2026"]}]},{"@type":"ImageObject","inLanguage":"en-US","@id":"https:\/\/www.journeesdelaculture.qc.ca\/en\/une-chanson-a-lecole-2026#primaryimage","url":"https:\/\/www.journeesdelaculture.qc.ca\/wp-content\/uploads\/2026\/04\/BJB-photo-2_Credit_Ulric-Colette-scaled-1-700x558.jpg","contentUrl":"https:\/\/www.journeesdelaculture.qc.ca\/wp-content\/uploads\/2026\/04\/BJB-photo-2_Credit_Ulric-Colette-scaled-1-700x558.jpg"},{"@type":"BreadcrumbList","@id":"https:\/\/www.journeesdelaculture.qc.ca\/en\/une-chanson-a-lecole-2026#breadcrumb","itemListElement":[{"@type":"ListItem","position":1,"name":"Home","item":"https:\/\/www.journeesdelaculture.qc.ca\/en"},{"@type":"ListItem","position":2,"name":"Une chanson \u00e0 l\u2019\u00e9cole \u2014 2026"}]},{"@type":"WebSite","@id":"https:\/\/www.journeesdelaculture.qc.ca\/#website","url":"https:\/\/www.journeesdelaculture.qc.ca\/","name":"Journ\u00e9es de la culture","description":"","publisher":{"@id":"https:\/\/www.journeesdelaculture.qc.ca\/#organization"},"potentialAction":[{"@type":"SearchAction","target":{"@type":"EntryPoint","urlTemplate":"https:\/\/www.journeesdelaculture.qc.ca\/?s={search_term_string}"},"query-input":{"@type":"PropertyValueSpecification","valueRequired":true,"valueName":"search_term_string"}}],"inLanguage":"en-US"},{"@type":"Organization","@id":"https:\/\/www.journeesdelaculture.qc.ca\/#organization","name":"Culture pour tous","url":"https:\/\/www.journeesdelaculture.qc.ca\/","logo":{"@type":"ImageObject","inLanguage":"en-US","@id":"https:\/\/www.journeesdelaculture.qc.ca\/#\/schema\/logo\/image\/","url":"https:\/\/www.journeesdelaculture.qc.ca\/wp-content\/uploads\/2024\/06\/CPT_journeesdelaculture_RGB.png","contentUrl":"https:\/\/www.journeesdelaculture.qc.ca\/wp-content\/uploads\/2024\/06\/CPT_journeesdelaculture_RGB.png","width":3041,"height":980,"caption":"Culture pour tous"},"image":{"@id":"https:\/\/www.journeesdelaculture.qc.ca\/#\/schema\/logo\/image\/"},"sameAs":["https:\/\/www.facebook.com\/journeesdelaculture\/","https:\/\/x.com\/les_journees","https:\/\/www.instagram.com\/les_journees\/"]}]}},"_links":{"self":[{"href":"https:\/\/www.journeesdelaculture.qc.ca\/en\/wp-json\/wp\/v2\/pages\/130250","targetHints":{"allow":["GET"]}}],"collection":[{"href":"https:\/\/www.journeesdelaculture.qc.ca\/en\/wp-json\/wp\/v2\/pages"}],"about":[{"href":"https:\/\/www.journeesdelaculture.qc.ca\/en\/wp-json\/wp\/v2\/types\/page"}],"author":[{"embeddable":true,"href":"https:\/\/www.journeesdelaculture.qc.ca\/en\/wp-json\/wp\/v2\/users\/7"}],"replies":[{"embeddable":true,"href":"https:\/\/www.journeesdelaculture.qc.ca\/en\/wp-json\/wp\/v2\/comments?post=130250"}],"version-history":[{"count":7,"href":"https:\/\/www.journeesdelaculture.qc.ca\/en\/wp-json\/wp\/v2\/pages\/130250\/revisions"}],"predecessor-version":[{"id":130393,"href":"https:\/\/www.journeesdelaculture.qc.ca\/en\/wp-json\/wp\/v2\/pages\/130250\/revisions\/130393"}],"wp:attachment":[{"href":"https:\/\/www.journeesdelaculture.qc.ca\/en\/wp-json\/wp\/v2\/media?parent=130250"}],"curies":[{"name":"wp","href":"https:\/\/api.w.org\/{rel}","templated":true}]}}