{"id":120884,"date":"2025-05-29T10:59:06","date_gmt":"2025-05-29T14:59:06","guid":{"rendered":"https:\/\/www.journeesdelaculture.qc.ca\/?page_id=120884"},"modified":"2026-03-18T11:16:41","modified_gmt":"2026-03-18T15:16:41","slug":"jaime-les-mots-2025","status":"publish","type":"page","link":"https:\/\/www.journeesdelaculture.qc.ca\/en\/jaime-les-mots-2025","title":{"rendered":"J\u2019aime les mots \u2014 2025"},"content":{"rendered":"\n<h2 class=\"wp-block-heading\">Do you like memes? <\/h2>\n\n\n\n<h2 class=\"wp-block-heading\">You\u2019ll love&nbsp;<em>J\u2019aime les mots<\/em>!<\/h2>\n\n\n\n<p>Teachers, librarians, those in charge of extracurricular or leisure activities, take part in the 8th edition of <em>J&#8217;aime les mots,<\/em> a fun turnkey activity, sponsored this year by <strong><strong>Yves P.&nbsp;Pelletier<\/strong>!<\/strong><\/p>\n\n\n\n<p><\/p>\n\n\n<div class=\"wp-block-image\">\n<figure class=\"alignleft size-full is-resized\"><img loading=\"lazy\" decoding=\"async\" width=\"1000\" height=\"1537\" src=\"https:\/\/www.journeesdelaculture.qc.ca\/wp-content\/uploads\/2025\/05\/Design-sans-titre-2025-05-29T103151.333.png\" alt=\"\" class=\"wp-image-120881\" style=\"width:343px;height:auto\" srcset=\"https:\/\/www.journeesdelaculture.qc.ca\/wp-content\/uploads\/2025\/05\/Design-sans-titre-2025-05-29T103151.333.png 1000w, https:\/\/www.journeesdelaculture.qc.ca\/wp-content\/uploads\/2025\/05\/Design-sans-titre-2025-05-29T103151.333-250x384.png 250w, https:\/\/www.journeesdelaculture.qc.ca\/wp-content\/uploads\/2025\/05\/Design-sans-titre-2025-05-29T103151.333-700x1076.png 700w, https:\/\/www.journeesdelaculture.qc.ca\/wp-content\/uploads\/2025\/05\/Design-sans-titre-2025-05-29T103151.333-768x1180.png 768w, https:\/\/www.journeesdelaculture.qc.ca\/wp-content\/uploads\/2025\/05\/Design-sans-titre-2025-05-29T103151.333-400x615.png 400w\" sizes=\"auto, (max-width: 1000px) 100vw, 1000px\" \/><\/figure><\/div>\n\n\n<p>Whether you&#8217;re teaching French, history, art, drama, mathematics or any other subject, get your students to create memes to express themselves on issues big and small, or to react to current events.<\/p>\n\n\n\n<p><strong>Launched on Friday, September 26, the activity will run until Friday, October 24.<\/strong><\/p>\n\n\n\n<p><strong>Four TOP 5s!<\/strong><\/p>\n\n\n\n<p><strong>Will your students&#8217; memes charm our godfather? On Fridays October 3, 10, 17 and 24, Yves <\/strong>will draw up a list of his five favorite memes of the past week and explain his choices in a newsletter sent to all registered teachers. <\/p>\n\n\n\n<p><strong>Use his explanations to enrich the activity and fuel classroom discussion!<\/strong><\/p>\n\n\n\n<p><strong>Rich and varied image banks<\/strong><\/p>\n\n\n\n<p>Humor, poetry, philosophical reflection, irony\u2026 All modes of expression are permitted, and the possibilities infinite, as long as you use royalty-free image banks chosen by major cultural institutions for their memorizing potential.<\/p>\n\n\n\n<p><strong>Pedagogical tools<\/strong><br>Once registered, participants automatically have access to:<\/p>\n\n\n\n<ul class=\"wp-block-list\">\n<li>All images that can be used for creations ;<\/li>\n\n\n\n<li>The teaching guide ;<\/li>\n\n\n\n<li>A student guide ;<\/li>\n\n\n\n<li>A playful presentation on the art of the meme.<\/li>\n<\/ul>\n\n\n\n<p>To complete the creation of memes, the Education Department of the Mus\u00e9e d&#8217;art de Joliette has included in the guide two collective creation exercises to be done in class, using all the works, heritage objects, archival photos and artifacts of these cultural institutions.<\/p>\n\n\n\n<p><\/p>\n\n\n\n<h4 class=\"wp-block-heading\">Thank you !<\/h4>\n\n\n\n<p>J&#8217;aime les mots is produced by <a href=\"https:\/\/www.culturepourtous.ca\/\" target=\"_blank\" rel=\"noreferrer noopener\">Culture pour tous<\/a> in partnership with the <a href=\"https:\/\/www.mcc.gouv.qc.ca\/\" target=\"_blank\" rel=\"noreferrer noopener\">Government of Quebec<\/a> and thanks to the collaboration of the <a href=\"https:\/\/www.lacsq.org\/\" target=\"_blank\" rel=\"noreferrer noopener\">Centrale des syndicats du Qu\u00e9bec<\/a> (CSQ).<\/p>\n\n\n\n<p><strong>Production partners<\/strong>&nbsp;:&nbsp;<a href=\"https:\/\/education.banq.qc.ca\/secondaire\/activites-cles-en-main\/jaime-les-mots\" target=\"_blank\" rel=\"noreferrer noopener\">Biblioth\u00e8que et Archives nationales du Qu\u00e9bec<\/a>&nbsp;(BAnQ),&nbsp;<a href=\"https:\/\/www.flickr.com\/photos\/chmmtl\/albums\/72177720316798009\/\" target=\"_blank\" rel=\"noreferrer noopener\">MEM \u2013 Centre des m\u00e9moires montr\u00e9alaises<\/a>,&nbsp;<a href=\"https:\/\/www.maj-jam.ca\/activites\/jaime-les-mots-2024\" target=\"_blank\" rel=\"noreferrer noopener\">Mus\u00e9e d\u2019art de Joliette<\/a>,&nbsp;<a href=\"https:\/\/collections.mcq.org\/albums\/jaime-les-mots\" target=\"_blank\" rel=\"noreferrer noopener\">Mus\u00e9e de la Civilisation<\/a>,&nbsp;<a href=\"https:\/\/museedelagaspesie.ca\/pages\/jaime-les-mots\" target=\"_blank\" rel=\"noreferrer noopener\">Mus\u00e9e de la Gasp\u00e9sie<\/a>,&nbsp;<a href=\"https:\/\/mhist.org\/j-aime-les-mots\/\" target=\"_blank\" rel=\"noreferrer noopener\">Mhist \u2013 Mus\u00e9e d\u2019histoire de Sherbrooke<\/a>,&nbsp;<a href=\"https:\/\/www.musee-mccord-stewart.ca\/fr\/education\/jaime-les-mots\/\" target=\"_blank\" rel=\"noreferrer noopener\">Mus\u00e9e McCord Stewart<\/a>,&nbsp;<a href=\"https:\/\/museepop.ca\/collection\/j-aime-les-mots-culture-pour-tous\" target=\"_blank\" rel=\"noreferrer noopener\">Mus\u00e9e POP<\/a>,&nbsp;<a href=\"https:\/\/learning.royalbcmuseum.bc.ca\/playlist\/jaime-les-mots-2024\/\" target=\"_blank\" rel=\"noreferrer noopener\">Royal BC Museum<\/a>,&nbsp;<a href=\"https:\/\/www.shlsj.org\/jaime-les-mots\" target=\"_blank\" rel=\"noreferrer noopener\">Soci\u00e9t\u00e9 d\u2019histoire du Lac-Saint-Jean<\/a>&nbsp;et&nbsp;<a href=\"https:\/\/shghl.ca\/actualites-jaime_les_mots-2-2\/\" target=\"_blank\" rel=\"noreferrer noopener\">Soci\u00e9t\u00e9 d\u2019histoire et de g\u00e9n\u00e9alogie des Hautes-Laurentides<\/a>.<\/p>\n\n\n\n<p><strong>Distribution partners :<\/strong> Association canadienne d&#8217;\u00e9ducation de langue fran\u00e7aise (ACELF), Association qu\u00e9b\u00e9coise des professeurs-e-s de fran\u00e7ais (AQPF), Association qu\u00e9b\u00e9coise des utilisateurs d&#8217;outils technologiques \u00e0 des fins p\u00e9dagogiques et sociales (AQUOPS), Canadian Teachers&#8217; Federation (CTF-FCE), F\u00e9d\u00e9ration culturelle canadienne-fran\u00e7aise (FCCF), F\u00e9d\u00e9ration nationale des conseils scolaires francophones (FNCSF) and Service national du R\u00e9cit, domaine des langues.<\/p>\n","protected":false},"excerpt":{"rendered":"Do you like memes? You\u2019ll love&nbsp;J\u2019aime les mots! Teachers, librarians, those in charge of extracurricular or leisure activities, take part in the 8th edition of J&#8217;aime les mots, a fun turnkey activity, sponsored this year by Yves P.&nbsp;Pelletier! Whether you&#8217;re teaching French, history, art, drama, mathematics or any other subject, get your students to create&#8230;","protected":false},"author":7,"featured_media":0,"parent":0,"menu_order":0,"comment_status":"closed","ping_status":"closed","template":"","meta":{"_acf_changed":false,"footnotes":""},"class_list":["post-120884","page","type-page","status-publish","hentry"],"acf":[],"yoast_head":"<!-- This site is optimized with the Yoast SEO plugin v24.2 - https:\/\/yoast.com\/wordpress\/plugins\/seo\/ -->\n<title>J\u2019aime les mots \u2014 2025 - Journ\u00e9es de la culture<\/title>\n<meta name=\"robots\" content=\"index, follow, max-snippet:-1, max-image-preview:large, max-video-preview:-1\" \/>\n<link rel=\"canonical\" href=\"https:\/\/www.journeesdelaculture.qc.ca\/en\/jaime-les-mots-2025\" \/>\n<meta property=\"og:locale\" content=\"en_US\" \/>\n<meta property=\"og:type\" content=\"article\" \/>\n<meta property=\"og:title\" content=\"J\u2019aime les mots \u2014 2025 - Journ\u00e9es de la culture\" \/>\n<meta property=\"og:description\" content=\"Do you like memes? You\u2019ll love&nbsp;J\u2019aime les mots! Teachers, librarians, those in charge of extracurricular or leisure activities, take part in the 8th edition of J&#8217;aime les mots, a fun turnkey activity, sponsored this year by Yves P.&nbsp;Pelletier! Whether you&#8217;re teaching French, history, art, drama, mathematics or any other subject, get your students to create...\" \/>\n<meta property=\"og:url\" content=\"https:\/\/www.journeesdelaculture.qc.ca\/en\/jaime-les-mots-2025\" \/>\n<meta property=\"og:site_name\" content=\"Journ\u00e9es de la culture\" \/>\n<meta property=\"article:publisher\" content=\"https:\/\/www.facebook.com\/journeesdelaculture\/\" \/>\n<meta property=\"article:modified_time\" content=\"2026-03-18T15:16:41+00:00\" \/>\n<meta property=\"og:image\" content=\"https:\/\/www.journeesdelaculture.qc.ca\/wp-content\/uploads\/2025\/05\/Design-sans-titre-2025-05-29T103151.333-700x1076.png\" \/>\n\t<meta property=\"og:image:width\" content=\"700\" \/>\n\t<meta property=\"og:image:height\" content=\"1076\" \/>\n\t<meta property=\"og:image:type\" content=\"image\/png\" \/>\n<meta name=\"twitter:card\" content=\"summary_large_image\" \/>\n<meta name=\"twitter:site\" content=\"@les_journees\" \/>\n<meta name=\"twitter:label1\" content=\"Est. reading time\" \/>\n\t<meta name=\"twitter:data1\" content=\"3 minutes\" \/>\n<script type=\"application\/ld+json\" class=\"yoast-schema-graph\">{\"@context\":\"https:\/\/schema.org\",\"@graph\":[{\"@type\":\"WebPage\",\"@id\":\"https:\/\/www.journeesdelaculture.qc.ca\/en\/jaime-les-mots-2025\",\"url\":\"https:\/\/www.journeesdelaculture.qc.ca\/en\/jaime-les-mots-2025\",\"name\":\"J\u2019aime les mots \u2014 2025 - Journ\u00e9es de la culture\",\"isPartOf\":{\"@id\":\"https:\/\/www.journeesdelaculture.qc.ca\/#website\"},\"primaryImageOfPage\":{\"@id\":\"https:\/\/www.journeesdelaculture.qc.ca\/en\/jaime-les-mots-2025#primaryimage\"},\"image\":{\"@id\":\"https:\/\/www.journeesdelaculture.qc.ca\/en\/jaime-les-mots-2025#primaryimage\"},\"thumbnailUrl\":\"https:\/\/www.journeesdelaculture.qc.ca\/wp-content\/uploads\/2025\/05\/Design-sans-titre-2025-05-29T103151.333.png\",\"datePublished\":\"2025-05-29T14:59:06+00:00\",\"dateModified\":\"2026-03-18T15:16:41+00:00\",\"breadcrumb\":{\"@id\":\"https:\/\/www.journeesdelaculture.qc.ca\/en\/jaime-les-mots-2025#breadcrumb\"},\"inLanguage\":\"en-US\",\"potentialAction\":[{\"@type\":\"ReadAction\",\"target\":[\"https:\/\/www.journeesdelaculture.qc.ca\/en\/jaime-les-mots-2025\"]}]},{\"@type\":\"ImageObject\",\"inLanguage\":\"en-US\",\"@id\":\"https:\/\/www.journeesdelaculture.qc.ca\/en\/jaime-les-mots-2025#primaryimage\",\"url\":\"https:\/\/www.journeesdelaculture.qc.ca\/wp-content\/uploads\/2025\/05\/Design-sans-titre-2025-05-29T103151.333.png\",\"contentUrl\":\"https:\/\/www.journeesdelaculture.qc.ca\/wp-content\/uploads\/2025\/05\/Design-sans-titre-2025-05-29T103151.333.png\"},{\"@type\":\"BreadcrumbList\",\"@id\":\"https:\/\/www.journeesdelaculture.qc.ca\/en\/jaime-les-mots-2025#breadcrumb\",\"itemListElement\":[{\"@type\":\"ListItem\",\"position\":1,\"name\":\"Home\",\"item\":\"https:\/\/www.journeesdelaculture.qc.ca\/en\"},{\"@type\":\"ListItem\",\"position\":2,\"name\":\"J\u2019aime les mots \u2014 2025\"}]},{\"@type\":\"WebSite\",\"@id\":\"https:\/\/www.journeesdelaculture.qc.ca\/#website\",\"url\":\"https:\/\/www.journeesdelaculture.qc.ca\/\",\"name\":\"Journ\u00e9es de la culture\",\"description\":\"\",\"publisher\":{\"@id\":\"https:\/\/www.journeesdelaculture.qc.ca\/#organization\"},\"potentialAction\":[{\"@type\":\"SearchAction\",\"target\":{\"@type\":\"EntryPoint\",\"urlTemplate\":\"https:\/\/www.journeesdelaculture.qc.ca\/?s={search_term_string}\"},\"query-input\":{\"@type\":\"PropertyValueSpecification\",\"valueRequired\":true,\"valueName\":\"search_term_string\"}}],\"inLanguage\":\"en-US\"},{\"@type\":\"Organization\",\"@id\":\"https:\/\/www.journeesdelaculture.qc.ca\/#organization\",\"name\":\"Culture pour tous\",\"url\":\"https:\/\/www.journeesdelaculture.qc.ca\/\",\"logo\":{\"@type\":\"ImageObject\",\"inLanguage\":\"en-US\",\"@id\":\"https:\/\/www.journeesdelaculture.qc.ca\/#\/schema\/logo\/image\/\",\"url\":\"https:\/\/www.journeesdelaculture.qc.ca\/wp-content\/uploads\/2024\/06\/CPT_journeesdelaculture_RGB.png\",\"contentUrl\":\"https:\/\/www.journeesdelaculture.qc.ca\/wp-content\/uploads\/2024\/06\/CPT_journeesdelaculture_RGB.png\",\"width\":3041,\"height\":980,\"caption\":\"Culture pour tous\"},\"image\":{\"@id\":\"https:\/\/www.journeesdelaculture.qc.ca\/#\/schema\/logo\/image\/\"},\"sameAs\":[\"https:\/\/www.facebook.com\/journeesdelaculture\/\",\"https:\/\/x.com\/les_journees\",\"https:\/\/www.instagram.com\/les_journees\/\"]}]}<\/script>\n<!-- \/ Yoast SEO plugin. -->","yoast_head_json":{"title":"J\u2019aime les mots \u2014 2025 - Journ\u00e9es de la culture","robots":{"index":"index","follow":"follow","max-snippet":"max-snippet:-1","max-image-preview":"max-image-preview:large","max-video-preview":"max-video-preview:-1"},"canonical":"https:\/\/www.journeesdelaculture.qc.ca\/en\/jaime-les-mots-2025","og_locale":"en_US","og_type":"article","og_title":"J\u2019aime les mots \u2014 2025 - Journ\u00e9es de la culture","og_description":"Do you like memes? You\u2019ll love&nbsp;J\u2019aime les mots! Teachers, librarians, those in charge of extracurricular or leisure activities, take part in the 8th edition of J&#8217;aime les mots, a fun turnkey activity, sponsored this year by Yves P.&nbsp;Pelletier! Whether you&#8217;re teaching French, history, art, drama, mathematics or any other subject, get your students to create...","og_url":"https:\/\/www.journeesdelaculture.qc.ca\/en\/jaime-les-mots-2025","og_site_name":"Journ\u00e9es de la culture","article_publisher":"https:\/\/www.facebook.com\/journeesdelaculture\/","article_modified_time":"2026-03-18T15:16:41+00:00","og_image":[{"width":700,"height":1076,"url":"https:\/\/www.journeesdelaculture.qc.ca\/wp-content\/uploads\/2025\/05\/Design-sans-titre-2025-05-29T103151.333-700x1076.png","type":"image\/png"}],"twitter_card":"summary_large_image","twitter_site":"@les_journees","twitter_misc":{"Est. reading time":"3 minutes"},"schema":{"@context":"https:\/\/schema.org","@graph":[{"@type":"WebPage","@id":"https:\/\/www.journeesdelaculture.qc.ca\/en\/jaime-les-mots-2025","url":"https:\/\/www.journeesdelaculture.qc.ca\/en\/jaime-les-mots-2025","name":"J\u2019aime les mots \u2014 2025 - Journ\u00e9es de la culture","isPartOf":{"@id":"https:\/\/www.journeesdelaculture.qc.ca\/#website"},"primaryImageOfPage":{"@id":"https:\/\/www.journeesdelaculture.qc.ca\/en\/jaime-les-mots-2025#primaryimage"},"image":{"@id":"https:\/\/www.journeesdelaculture.qc.ca\/en\/jaime-les-mots-2025#primaryimage"},"thumbnailUrl":"https:\/\/www.journeesdelaculture.qc.ca\/wp-content\/uploads\/2025\/05\/Design-sans-titre-2025-05-29T103151.333.png","datePublished":"2025-05-29T14:59:06+00:00","dateModified":"2026-03-18T15:16:41+00:00","breadcrumb":{"@id":"https:\/\/www.journeesdelaculture.qc.ca\/en\/jaime-les-mots-2025#breadcrumb"},"inLanguage":"en-US","potentialAction":[{"@type":"ReadAction","target":["https:\/\/www.journeesdelaculture.qc.ca\/en\/jaime-les-mots-2025"]}]},{"@type":"ImageObject","inLanguage":"en-US","@id":"https:\/\/www.journeesdelaculture.qc.ca\/en\/jaime-les-mots-2025#primaryimage","url":"https:\/\/www.journeesdelaculture.qc.ca\/wp-content\/uploads\/2025\/05\/Design-sans-titre-2025-05-29T103151.333.png","contentUrl":"https:\/\/www.journeesdelaculture.qc.ca\/wp-content\/uploads\/2025\/05\/Design-sans-titre-2025-05-29T103151.333.png"},{"@type":"BreadcrumbList","@id":"https:\/\/www.journeesdelaculture.qc.ca\/en\/jaime-les-mots-2025#breadcrumb","itemListElement":[{"@type":"ListItem","position":1,"name":"Home","item":"https:\/\/www.journeesdelaculture.qc.ca\/en"},{"@type":"ListItem","position":2,"name":"J\u2019aime les mots \u2014 2025"}]},{"@type":"WebSite","@id":"https:\/\/www.journeesdelaculture.qc.ca\/#website","url":"https:\/\/www.journeesdelaculture.qc.ca\/","name":"Journ\u00e9es de la culture","description":"","publisher":{"@id":"https:\/\/www.journeesdelaculture.qc.ca\/#organization"},"potentialAction":[{"@type":"SearchAction","target":{"@type":"EntryPoint","urlTemplate":"https:\/\/www.journeesdelaculture.qc.ca\/?s={search_term_string}"},"query-input":{"@type":"PropertyValueSpecification","valueRequired":true,"valueName":"search_term_string"}}],"inLanguage":"en-US"},{"@type":"Organization","@id":"https:\/\/www.journeesdelaculture.qc.ca\/#organization","name":"Culture pour tous","url":"https:\/\/www.journeesdelaculture.qc.ca\/","logo":{"@type":"ImageObject","inLanguage":"en-US","@id":"https:\/\/www.journeesdelaculture.qc.ca\/#\/schema\/logo\/image\/","url":"https:\/\/www.journeesdelaculture.qc.ca\/wp-content\/uploads\/2024\/06\/CPT_journeesdelaculture_RGB.png","contentUrl":"https:\/\/www.journeesdelaculture.qc.ca\/wp-content\/uploads\/2024\/06\/CPT_journeesdelaculture_RGB.png","width":3041,"height":980,"caption":"Culture pour tous"},"image":{"@id":"https:\/\/www.journeesdelaculture.qc.ca\/#\/schema\/logo\/image\/"},"sameAs":["https:\/\/www.facebook.com\/journeesdelaculture\/","https:\/\/x.com\/les_journees","https:\/\/www.instagram.com\/les_journees\/"]}]}},"_links":{"self":[{"href":"https:\/\/www.journeesdelaculture.qc.ca\/en\/wp-json\/wp\/v2\/pages\/120884","targetHints":{"allow":["GET"]}}],"collection":[{"href":"https:\/\/www.journeesdelaculture.qc.ca\/en\/wp-json\/wp\/v2\/pages"}],"about":[{"href":"https:\/\/www.journeesdelaculture.qc.ca\/en\/wp-json\/wp\/v2\/types\/page"}],"author":[{"embeddable":true,"href":"https:\/\/www.journeesdelaculture.qc.ca\/en\/wp-json\/wp\/v2\/users\/7"}],"replies":[{"embeddable":true,"href":"https:\/\/www.journeesdelaculture.qc.ca\/en\/wp-json\/wp\/v2\/comments?post=120884"}],"version-history":[{"count":5,"href":"https:\/\/www.journeesdelaculture.qc.ca\/en\/wp-json\/wp\/v2\/pages\/120884\/revisions"}],"predecessor-version":[{"id":130304,"href":"https:\/\/www.journeesdelaculture.qc.ca\/en\/wp-json\/wp\/v2\/pages\/120884\/revisions\/130304"}],"wp:attachment":[{"href":"https:\/\/www.journeesdelaculture.qc.ca\/en\/wp-json\/wp\/v2\/media?parent=120884"}],"curies":[{"name":"wp","href":"https:\/\/api.w.org\/{rel}","templated":true}]}}