{"id":120658,"date":"2025-05-21T13:51:06","date_gmt":"2025-05-21T17:51:06","guid":{"rendered":"https:\/\/www.journeesdelaculture.qc.ca\/?page_id=120658"},"modified":"2026-03-18T11:38:53","modified_gmt":"2026-03-18T15:38:53","slug":"une-chanson-a-lecole-2025","status":"publish","type":"page","link":"https:\/\/www.journeesdelaculture.qc.ca\/en\/une-chanson-a-lecole-2025","title":{"rendered":"Une chanson \u00e0 l&#8217;\u00e9cole \u2014 2025"},"content":{"rendered":"\n<p><strong>On Friday, September 26, 2025,*<\/strong> hundreds of thousands of students from Quebec and French-speaking Canada will kick off the 29th <em>Journ\u00e9es de la culture<\/em> by performing <strong><em><strong><em>Haut les c\u0153urs!,<\/em><\/strong><\/em><\/strong> an original composition proposed by <strong>Sarahm\u00e9e<\/strong> and the <strong><a href=\"https:\/\/www.osm.ca\/fr\/education\/\" target=\"_blank\" rel=\"noreferrer noopener\">Orchestre symphonique de Montr\u00e9al<\/a>,<\/strong> conducted by <strong>Rafael Payare.<\/strong><\/p>\n\n\n\n<p><strong><a href=\"https:\/\/telequebec.tv\/contenu\/une-chanson-a-lecole-haut-les-coeurs-de-sarahmee-et-losm\" target=\"_blank\" rel=\"noreferrer noopener\">Discover the video for the song<\/a><\/strong> <em><em><em>Haut les c\u0153urs!,<\/em><\/em><\/em> produced by <strong>La Fabrique culturelle de T\u00e9l\u00e9-Qu\u00e9bec<\/strong> in the fabulous setting of the <strong>Maison symphonique de Montr\u00e9al.<\/strong><\/p>\n\n\n\n<p>On registration, you will receive by return e-mail the access path to the tools page containing everything you need (mp3, sheet music, etc.) to make the activity a success! <strong>If you don&#8217;t receive this message:<\/strong> look for it in your spam folder and identify it as a legitimate e-mail with the Never block sender option.<\/p>\n\n\n\n<p><strong>*This date is suggested but not mandatory.<\/strong> Celebrate when it&#8217;s convenient for you!<\/p>\n\n\n\n<p><\/p>\n\n\n\n<figure class=\"wp-block-image size-large\"><img loading=\"lazy\" decoding=\"async\" width=\"700\" height=\"467\" src=\"https:\/\/www.journeesdelaculture.qc.ca\/wp-content\/uploads\/2025\/05\/Design-sans-titre-2025-05-28T083640.518-700x467.png\" alt=\"\" class=\"wp-image-120714\" srcset=\"https:\/\/www.journeesdelaculture.qc.ca\/wp-content\/uploads\/2025\/05\/Design-sans-titre-2025-05-28T083640.518-700x467.png 700w, https:\/\/www.journeesdelaculture.qc.ca\/wp-content\/uploads\/2025\/05\/Design-sans-titre-2025-05-28T083640.518-250x167.png 250w, https:\/\/www.journeesdelaculture.qc.ca\/wp-content\/uploads\/2025\/05\/Design-sans-titre-2025-05-28T083640.518-768x512.png 768w, https:\/\/www.journeesdelaculture.qc.ca\/wp-content\/uploads\/2025\/05\/Design-sans-titre-2025-05-28T083640.518-400x267.png 400w, https:\/\/www.journeesdelaculture.qc.ca\/wp-content\/uploads\/2025\/05\/Design-sans-titre-2025-05-28T083640.518.png 1500w\" sizes=\"auto, (max-width: 700px) 100vw, 700px\" \/><figcaption class=\"wp-element-caption\"><em>Photo: Vivien Gaumand<\/em><\/figcaption><\/figure>\n\n\n\n<p><strong><em><strong><em><strong><em>Haut les c\u0153urs!,<\/em><\/strong><\/em><\/strong><\/em><\/strong> it&#8217;s a song\u2026<\/p>\n\n\n\n<ul class=\"wp-block-list\">\n<li>\u2026 easy to learn, in less than 4 weeks;<\/li>\n\n\n\n<li>\u2026 to be performed as you wish: on the sung or instrumental version, a cappella, on Orff instruments, ukulele or with the full orchestra!<\/li>\n\n\n\n<li>\u2026 with original choreography by PPS Danse;<\/li>\n\n\n\n<li>\u2026 accompanied by multiple scores and a complete pedagogical guide, full of ideas for classroom activities, in September and throughout the year!<\/li>\n<\/ul>\n\n\n\n<p><\/p>\n\n\n\n<p><strong>Thank you<\/strong><\/p>\n\n\n\n<p><em>Une chanson \u00e0 l&#8217;\u00e9cole<\/em> is produced by <a href=\"https:\/\/www.culturepourtous.ca\/\" target=\"_blank\" rel=\"noreferrer noopener\">Culture pour tous<\/a> thanks to the support of <a href=\"https:\/\/www.mcc.gouv.qc.ca\/\" target=\"_blank\" rel=\"noreferrer noopener\">minist\u00e8re de la Culture et des Communication<\/a>, with the support of <a href=\"https:\/\/www.lacsq.org\/\" target=\"_blank\" rel=\"noreferrer noopener\">Centrale des syndicats du Qu\u00e9bec<\/a> and in collaboration with l\u2019<a href=\"https:\/\/www.osm.ca\/\" target=\"_blank\" rel=\"noreferrer noopener\">Orchestre symphonique de Montr\u00e9al<\/a> and <a href=\"https:\/\/video.telequebec.tv\/p\/134-La-Fabrique-culturelle\" target=\"_blank\" rel=\"noreferrer noopener\">La Fabrique culturelle<\/a> de <a href=\"https:\/\/video.telequebec.tv\/\" target=\"_blank\" rel=\"noreferrer noopener\">T\u00e9l\u00e9-Qu\u00e9bec<\/a>.<\/p>\n\n\n\n<p>Distribution partners: Alliance chorale du Qu\u00e9bec, Association canadienne d\u2019\u00e9ducation de langue fran\u00e7aise (ACELF),\u202fL&#8217;\u00c9cole en r\u00e9seau, F\u00e9d\u00e9ration des Associations de Musiciens \u00c9ducateurs du Qu\u00e9bec (FAMEQ),\u202fF\u00e9d\u00e9ration canadienne des enseignantes et des enseignants (CTF-FCE),\u202fF\u00e9d\u00e9ration culturelle canadienne-fran\u00e7aise (FCCF)\u202fand\u202fF\u00e9d\u00e9ration nationale des conseils scolaires francophones (FNCSF).&nbsp;<\/p>\n","protected":false},"excerpt":{"rendered":"On Friday, September 26, 2025,* hundreds of thousands of students from Quebec and French-speaking Canada will kick off the 29th Journ\u00e9es de la culture by performing Haut les c\u0153urs!, an original composition proposed by Sarahm\u00e9e and the Orchestre symphonique de Montr\u00e9al, conducted by Rafael Payare. Discover the video for the song Haut les c\u0153urs!, produced&#8230;","protected":false},"author":7,"featured_media":0,"parent":0,"menu_order":0,"comment_status":"closed","ping_status":"closed","template":"","meta":{"_acf_changed":false,"footnotes":""},"class_list":["post-120658","page","type-page","status-publish","hentry"],"acf":[],"yoast_head":"<!-- This site is optimized with the Yoast SEO plugin v24.2 - https:\/\/yoast.com\/wordpress\/plugins\/seo\/ -->\n<title>Une chanson \u00e0 l&#039;\u00e9cole \u2014 2025 - Journ\u00e9es de la culture<\/title>\n<meta name=\"robots\" content=\"index, follow, max-snippet:-1, max-image-preview:large, max-video-preview:-1\" \/>\n<link rel=\"canonical\" href=\"https:\/\/www.journeesdelaculture.qc.ca\/en\/une-chanson-a-lecole-2025\" \/>\n<meta property=\"og:locale\" content=\"en_US\" \/>\n<meta property=\"og:type\" content=\"article\" \/>\n<meta property=\"og:title\" content=\"Une chanson \u00e0 l&#039;\u00e9cole \u2014 2025 - Journ\u00e9es de la culture\" \/>\n<meta property=\"og:description\" content=\"On Friday, September 26, 2025,* hundreds of thousands of students from Quebec and French-speaking Canada will kick off the 29th Journ\u00e9es de la culture by performing Haut les c\u0153urs!, an original composition proposed by Sarahm\u00e9e and the Orchestre symphonique de Montr\u00e9al, conducted by Rafael Payare. Discover the video for the song Haut les c\u0153urs!, produced...\" \/>\n<meta property=\"og:url\" content=\"https:\/\/www.journeesdelaculture.qc.ca\/en\/une-chanson-a-lecole-2025\" \/>\n<meta property=\"og:site_name\" content=\"Journ\u00e9es de la culture\" \/>\n<meta property=\"article:publisher\" content=\"https:\/\/www.facebook.com\/journeesdelaculture\/\" \/>\n<meta property=\"article:modified_time\" content=\"2026-03-18T15:38:53+00:00\" \/>\n<meta property=\"og:image\" content=\"https:\/\/www.journeesdelaculture.qc.ca\/wp-content\/uploads\/2025\/05\/Design-sans-titre-2025-05-28T083640.518.png\" \/>\n\t<meta property=\"og:image:width\" content=\"1500\" \/>\n\t<meta property=\"og:image:height\" content=\"1000\" \/>\n\t<meta property=\"og:image:type\" content=\"image\/png\" \/>\n<meta name=\"twitter:card\" content=\"summary_large_image\" \/>\n<meta name=\"twitter:site\" content=\"@les_journees\" \/>\n<meta name=\"twitter:label1\" content=\"Est. reading time\" \/>\n\t<meta name=\"twitter:data1\" content=\"2 minutes\" \/>\n<script type=\"application\/ld+json\" class=\"yoast-schema-graph\">{\"@context\":\"https:\/\/schema.org\",\"@graph\":[{\"@type\":\"WebPage\",\"@id\":\"https:\/\/www.journeesdelaculture.qc.ca\/en\/une-chanson-a-lecole-2025\",\"url\":\"https:\/\/www.journeesdelaculture.qc.ca\/en\/une-chanson-a-lecole-2025\",\"name\":\"Une chanson \u00e0 l'\u00e9cole \u2014 2025 - Journ\u00e9es de la culture\",\"isPartOf\":{\"@id\":\"https:\/\/www.journeesdelaculture.qc.ca\/#website\"},\"primaryImageOfPage\":{\"@id\":\"https:\/\/www.journeesdelaculture.qc.ca\/en\/une-chanson-a-lecole-2025#primaryimage\"},\"image\":{\"@id\":\"https:\/\/www.journeesdelaculture.qc.ca\/en\/une-chanson-a-lecole-2025#primaryimage\"},\"thumbnailUrl\":\"https:\/\/www.journeesdelaculture.qc.ca\/wp-content\/uploads\/2025\/05\/Design-sans-titre-2025-05-28T083640.518-700x467.png\",\"datePublished\":\"2025-05-21T17:51:06+00:00\",\"dateModified\":\"2026-03-18T15:38:53+00:00\",\"breadcrumb\":{\"@id\":\"https:\/\/www.journeesdelaculture.qc.ca\/en\/une-chanson-a-lecole-2025#breadcrumb\"},\"inLanguage\":\"en-US\",\"potentialAction\":[{\"@type\":\"ReadAction\",\"target\":[\"https:\/\/www.journeesdelaculture.qc.ca\/en\/une-chanson-a-lecole-2025\"]}]},{\"@type\":\"ImageObject\",\"inLanguage\":\"en-US\",\"@id\":\"https:\/\/www.journeesdelaculture.qc.ca\/en\/une-chanson-a-lecole-2025#primaryimage\",\"url\":\"https:\/\/www.journeesdelaculture.qc.ca\/wp-content\/uploads\/2025\/05\/Design-sans-titre-2025-05-28T083640.518-700x467.png\",\"contentUrl\":\"https:\/\/www.journeesdelaculture.qc.ca\/wp-content\/uploads\/2025\/05\/Design-sans-titre-2025-05-28T083640.518-700x467.png\"},{\"@type\":\"BreadcrumbList\",\"@id\":\"https:\/\/www.journeesdelaculture.qc.ca\/en\/une-chanson-a-lecole-2025#breadcrumb\",\"itemListElement\":[{\"@type\":\"ListItem\",\"position\":1,\"name\":\"Home\",\"item\":\"https:\/\/www.journeesdelaculture.qc.ca\/en\"},{\"@type\":\"ListItem\",\"position\":2,\"name\":\"Une chanson \u00e0 l&rsquo;\u00e9cole \u2014 2025\"}]},{\"@type\":\"WebSite\",\"@id\":\"https:\/\/www.journeesdelaculture.qc.ca\/#website\",\"url\":\"https:\/\/www.journeesdelaculture.qc.ca\/\",\"name\":\"Journ\u00e9es de la culture\",\"description\":\"\",\"publisher\":{\"@id\":\"https:\/\/www.journeesdelaculture.qc.ca\/#organization\"},\"potentialAction\":[{\"@type\":\"SearchAction\",\"target\":{\"@type\":\"EntryPoint\",\"urlTemplate\":\"https:\/\/www.journeesdelaculture.qc.ca\/?s={search_term_string}\"},\"query-input\":{\"@type\":\"PropertyValueSpecification\",\"valueRequired\":true,\"valueName\":\"search_term_string\"}}],\"inLanguage\":\"en-US\"},{\"@type\":\"Organization\",\"@id\":\"https:\/\/www.journeesdelaculture.qc.ca\/#organization\",\"name\":\"Culture pour tous\",\"url\":\"https:\/\/www.journeesdelaculture.qc.ca\/\",\"logo\":{\"@type\":\"ImageObject\",\"inLanguage\":\"en-US\",\"@id\":\"https:\/\/www.journeesdelaculture.qc.ca\/#\/schema\/logo\/image\/\",\"url\":\"https:\/\/www.journeesdelaculture.qc.ca\/wp-content\/uploads\/2024\/06\/CPT_journeesdelaculture_RGB.png\",\"contentUrl\":\"https:\/\/www.journeesdelaculture.qc.ca\/wp-content\/uploads\/2024\/06\/CPT_journeesdelaculture_RGB.png\",\"width\":3041,\"height\":980,\"caption\":\"Culture pour tous\"},\"image\":{\"@id\":\"https:\/\/www.journeesdelaculture.qc.ca\/#\/schema\/logo\/image\/\"},\"sameAs\":[\"https:\/\/www.facebook.com\/journeesdelaculture\/\",\"https:\/\/x.com\/les_journees\",\"https:\/\/www.instagram.com\/les_journees\/\"]}]}<\/script>\n<!-- \/ Yoast SEO plugin. -->","yoast_head_json":{"title":"Une chanson \u00e0 l'\u00e9cole \u2014 2025 - Journ\u00e9es de la culture","robots":{"index":"index","follow":"follow","max-snippet":"max-snippet:-1","max-image-preview":"max-image-preview:large","max-video-preview":"max-video-preview:-1"},"canonical":"https:\/\/www.journeesdelaculture.qc.ca\/en\/une-chanson-a-lecole-2025","og_locale":"en_US","og_type":"article","og_title":"Une chanson \u00e0 l'\u00e9cole \u2014 2025 - Journ\u00e9es de la culture","og_description":"On Friday, September 26, 2025,* hundreds of thousands of students from Quebec and French-speaking Canada will kick off the 29th Journ\u00e9es de la culture by performing Haut les c\u0153urs!, an original composition proposed by Sarahm\u00e9e and the Orchestre symphonique de Montr\u00e9al, conducted by Rafael Payare. Discover the video for the song Haut les c\u0153urs!, produced...","og_url":"https:\/\/www.journeesdelaculture.qc.ca\/en\/une-chanson-a-lecole-2025","og_site_name":"Journ\u00e9es de la culture","article_publisher":"https:\/\/www.facebook.com\/journeesdelaculture\/","article_modified_time":"2026-03-18T15:38:53+00:00","og_image":[{"width":1500,"height":1000,"url":"https:\/\/www.journeesdelaculture.qc.ca\/wp-content\/uploads\/2025\/05\/Design-sans-titre-2025-05-28T083640.518.png","type":"image\/png"}],"twitter_card":"summary_large_image","twitter_site":"@les_journees","twitter_misc":{"Est. reading time":"2 minutes"},"schema":{"@context":"https:\/\/schema.org","@graph":[{"@type":"WebPage","@id":"https:\/\/www.journeesdelaculture.qc.ca\/en\/une-chanson-a-lecole-2025","url":"https:\/\/www.journeesdelaculture.qc.ca\/en\/une-chanson-a-lecole-2025","name":"Une chanson \u00e0 l'\u00e9cole \u2014 2025 - Journ\u00e9es de la culture","isPartOf":{"@id":"https:\/\/www.journeesdelaculture.qc.ca\/#website"},"primaryImageOfPage":{"@id":"https:\/\/www.journeesdelaculture.qc.ca\/en\/une-chanson-a-lecole-2025#primaryimage"},"image":{"@id":"https:\/\/www.journeesdelaculture.qc.ca\/en\/une-chanson-a-lecole-2025#primaryimage"},"thumbnailUrl":"https:\/\/www.journeesdelaculture.qc.ca\/wp-content\/uploads\/2025\/05\/Design-sans-titre-2025-05-28T083640.518-700x467.png","datePublished":"2025-05-21T17:51:06+00:00","dateModified":"2026-03-18T15:38:53+00:00","breadcrumb":{"@id":"https:\/\/www.journeesdelaculture.qc.ca\/en\/une-chanson-a-lecole-2025#breadcrumb"},"inLanguage":"en-US","potentialAction":[{"@type":"ReadAction","target":["https:\/\/www.journeesdelaculture.qc.ca\/en\/une-chanson-a-lecole-2025"]}]},{"@type":"ImageObject","inLanguage":"en-US","@id":"https:\/\/www.journeesdelaculture.qc.ca\/en\/une-chanson-a-lecole-2025#primaryimage","url":"https:\/\/www.journeesdelaculture.qc.ca\/wp-content\/uploads\/2025\/05\/Design-sans-titre-2025-05-28T083640.518-700x467.png","contentUrl":"https:\/\/www.journeesdelaculture.qc.ca\/wp-content\/uploads\/2025\/05\/Design-sans-titre-2025-05-28T083640.518-700x467.png"},{"@type":"BreadcrumbList","@id":"https:\/\/www.journeesdelaculture.qc.ca\/en\/une-chanson-a-lecole-2025#breadcrumb","itemListElement":[{"@type":"ListItem","position":1,"name":"Home","item":"https:\/\/www.journeesdelaculture.qc.ca\/en"},{"@type":"ListItem","position":2,"name":"Une chanson \u00e0 l&rsquo;\u00e9cole \u2014 2025"}]},{"@type":"WebSite","@id":"https:\/\/www.journeesdelaculture.qc.ca\/#website","url":"https:\/\/www.journeesdelaculture.qc.ca\/","name":"Journ\u00e9es de la culture","description":"","publisher":{"@id":"https:\/\/www.journeesdelaculture.qc.ca\/#organization"},"potentialAction":[{"@type":"SearchAction","target":{"@type":"EntryPoint","urlTemplate":"https:\/\/www.journeesdelaculture.qc.ca\/?s={search_term_string}"},"query-input":{"@type":"PropertyValueSpecification","valueRequired":true,"valueName":"search_term_string"}}],"inLanguage":"en-US"},{"@type":"Organization","@id":"https:\/\/www.journeesdelaculture.qc.ca\/#organization","name":"Culture pour tous","url":"https:\/\/www.journeesdelaculture.qc.ca\/","logo":{"@type":"ImageObject","inLanguage":"en-US","@id":"https:\/\/www.journeesdelaculture.qc.ca\/#\/schema\/logo\/image\/","url":"https:\/\/www.journeesdelaculture.qc.ca\/wp-content\/uploads\/2024\/06\/CPT_journeesdelaculture_RGB.png","contentUrl":"https:\/\/www.journeesdelaculture.qc.ca\/wp-content\/uploads\/2024\/06\/CPT_journeesdelaculture_RGB.png","width":3041,"height":980,"caption":"Culture pour tous"},"image":{"@id":"https:\/\/www.journeesdelaculture.qc.ca\/#\/schema\/logo\/image\/"},"sameAs":["https:\/\/www.facebook.com\/journeesdelaculture\/","https:\/\/x.com\/les_journees","https:\/\/www.instagram.com\/les_journees\/"]}]}},"_links":{"self":[{"href":"https:\/\/www.journeesdelaculture.qc.ca\/en\/wp-json\/wp\/v2\/pages\/120658","targetHints":{"allow":["GET"]}}],"collection":[{"href":"https:\/\/www.journeesdelaculture.qc.ca\/en\/wp-json\/wp\/v2\/pages"}],"about":[{"href":"https:\/\/www.journeesdelaculture.qc.ca\/en\/wp-json\/wp\/v2\/types\/page"}],"author":[{"embeddable":true,"href":"https:\/\/www.journeesdelaculture.qc.ca\/en\/wp-json\/wp\/v2\/users\/7"}],"replies":[{"embeddable":true,"href":"https:\/\/www.journeesdelaculture.qc.ca\/en\/wp-json\/wp\/v2\/comments?post=120658"}],"version-history":[{"count":7,"href":"https:\/\/www.journeesdelaculture.qc.ca\/en\/wp-json\/wp\/v2\/pages\/120658\/revisions"}],"predecessor-version":[{"id":130312,"href":"https:\/\/www.journeesdelaculture.qc.ca\/en\/wp-json\/wp\/v2\/pages\/120658\/revisions\/130312"}],"wp:attachment":[{"href":"https:\/\/www.journeesdelaculture.qc.ca\/en\/wp-json\/wp\/v2\/media?parent=120658"}],"curies":[{"name":"wp","href":"https:\/\/api.w.org\/{rel}","templated":true}]}}